{"id":13358,"date":"2025-11-21T17:11:53","date_gmt":"2025-11-21T17:11:53","guid":{"rendered":"https:\/\/bullet24.pro\/?post_type=product&#038;p=13358"},"modified":"2025-11-22T19:42:02","modified_gmt":"2025-11-22T19:42:02","slug":"schmidt-bender-3-12x50-zenith-lm-fd7-1cm-cw-asv-posicon-ct","status":"publish","type":"product","link":"https:\/\/bullet24.pro\/de\/product\/schmidt-bender-3-12x50-zenith-lm-fd7-1cm-cw-asv-posicon-ct\/","title":{"rendered":"Schmidt &#038; Bender 3-12&#215;50 Zenith LM FD7 1cm cw ASV \/ Posicon CT"},"content":{"rendered":"","protected":false},"excerpt":{"rendered":"<p>Den h\u00f6chsten Anspr\u00fcchen gewachsen<br \/>\nDas 3-12&#215;50 Zenith bietet innerhalb der ZENITH-Linie die vielseitigsten Anwendungsm\u00f6glichkeiten und eine hohe Funktionalit\u00e4t. Dadurch passt es sich akkurat den individuellen Bed\u00fcrfnissen des Sch\u00fctzen an. So ist neben Posicon auch eine Konfiguration mit Absehenschnellverstellung (ASV) m\u00f6glich, wodurch sich das 3-12&#215;50 Zenith flexibel auf unterschiedliche Entfernungen einstellen l\u00e4sst. Weiterhin stehen f\u00fcr die Anwendung im Sportschie\u00dfen taktische Absehen zur Verf\u00fcgung. In Kombination mit der hohen bis zu 12-fachen Vergr\u00f6\u00dferung kann es perfekt f\u00fcr den jagdlichen Weitschuss \u00fcber 300m genutzt werden. Die Montage erfolgt einfach durch die optional verf\u00fcgbare LMZ-Schiene, was auch die flie\u00dfenden Linien des Rohrk\u00f6rpers besser hervorhebt. Absehen FD7. Turmkonfiguration: ASV \/ Posicon CT.<\/p>\n","protected":false},"featured_media":13338,"template":"","meta":[],"product_brand":[],"product_cat":[684,394,436,442],"product_tag":[],"class_list":{"0":"post-13358","1":"product","2":"type-product","3":"status-publish","4":"has-post-thumbnail","6":"product_cat-jagd","7":"product_cat-optik","8":"product_cat-zieloptik","9":"product_cat-zielfernrohre","11":"first","12":"onbackorder","13":"shipping-taxable","14":"purchasable","15":"product-type-simple"},"_links":{"self":[{"href":"https:\/\/bullet24.pro\/de\/wp-json\/wp\/v2\/product\/13358","targetHints":{"allow":["GET"]}}],"collection":[{"href":"https:\/\/bullet24.pro\/de\/wp-json\/wp\/v2\/product"}],"about":[{"href":"https:\/\/bullet24.pro\/de\/wp-json\/wp\/v2\/types\/product"}],"wp:featuredmedia":[{"embeddable":true,"href":"https:\/\/bullet24.pro\/de\/wp-json\/wp\/v2\/media\/13338"}],"wp:attachment":[{"href":"https:\/\/bullet24.pro\/de\/wp-json\/wp\/v2\/media?parent=13358"}],"wp:term":[{"taxonomy":"product_brand","embeddable":true,"href":"https:\/\/bullet24.pro\/de\/wp-json\/wp\/v2\/product_brand?post=13358"},{"taxonomy":"product_cat","embeddable":true,"href":"https:\/\/bullet24.pro\/de\/wp-json\/wp\/v2\/product_cat?post=13358"},{"taxonomy":"product_tag","embeddable":true,"href":"https:\/\/bullet24.pro\/de\/wp-json\/wp\/v2\/product_tag?post=13358"}],"curies":[{"name":"wp","href":"https:\/\/api.w.org\/{rel}","templated":true}]}}