{"id":13427,"date":"2025-11-21T17:31:03","date_gmt":"2025-11-21T17:31:03","guid":{"rendered":"https:\/\/bullet24.pro\/?post_type=product&#038;p=13427"},"modified":"2025-11-22T19:19:01","modified_gmt":"2025-11-22T19:19:01","slug":"schmidt-bender-3-18x42-meta-us-lp7-2-be-1cm-ccw-asv-ii-b-lt-posicon-ct","status":"publish","type":"product","link":"https:\/\/bullet24.pro\/de\/product\/schmidt-bender-3-18x42-meta-us-lp7-2-be-1cm-ccw-asv-ii-b-lt-posicon-ct\/","title":{"rendered":"Schmidt &#038; Bender 3-18&#215;42 Meta US LP7 2.BE 1cm ccw ASV II-B LT\/ Posicon CT"},"content":{"rendered":"","protected":false},"excerpt":{"rendered":"<p>Eine Klasse f\u00fcr sich<br \/>\nDas 3-18&#215;42 Meta kombiniert hochwertige optische Qualit\u00e4t mit leistungsstarker Performance. Das sehr gro\u00dfe Sehfeld schafft zusammen mit dem LP7-Absehen mit Rotpunkt absolute \u00dcbersicht und eine schnelle Zielerfassung. H\u00f6chste Pr\u00e4zision bietet sich durch die patentierte Zero Deviation Technologie, den variabel ab 20m einstellbaren Parallaxenausgleich sowie einen hohen internen Verstellweg. F\u00fcr eine optimierte Montage ist das 3-18&#215;42 Meta mit der neuen \u201eLPI\u201c ausgestattet. Der in der Parallaxeneinstellung integrierte Beleuchtungsknopf verbessert die F\u00fchrigkeit und erleichtert die Anwendung auch f\u00fcr Linkssch\u00fctzen. Das schlanke Zielfernrohr ist zudem kompatibel mit Vorsatzger\u00e4ten und durch den stabilen Okularabschlussring k\u00f6nnen sowohl Staubschutzkappen als auch Nachsatzger\u00e4te verwendet werden. Absehen LP7. Turmkonfiguration: ASV II-B LT \/ Posicon CT.<\/p>\n","protected":false},"featured_media":13413,"template":"","meta":[],"product_brand":[],"product_cat":[684,394,436,442],"product_tag":[],"class_list":{"0":"post-13427","1":"product","2":"type-product","3":"status-publish","4":"has-post-thumbnail","6":"product_cat-jagd","7":"product_cat-optik","8":"product_cat-zieloptik","9":"product_cat-zielfernrohre","11":"first","12":"onbackorder","13":"shipping-taxable","14":"purchasable","15":"product-type-simple"},"_links":{"self":[{"href":"https:\/\/bullet24.pro\/de\/wp-json\/wp\/v2\/product\/13427","targetHints":{"allow":["GET"]}}],"collection":[{"href":"https:\/\/bullet24.pro\/de\/wp-json\/wp\/v2\/product"}],"about":[{"href":"https:\/\/bullet24.pro\/de\/wp-json\/wp\/v2\/types\/product"}],"wp:featuredmedia":[{"embeddable":true,"href":"https:\/\/bullet24.pro\/de\/wp-json\/wp\/v2\/media\/13413"}],"wp:attachment":[{"href":"https:\/\/bullet24.pro\/de\/wp-json\/wp\/v2\/media?parent=13427"}],"wp:term":[{"taxonomy":"product_brand","embeddable":true,"href":"https:\/\/bullet24.pro\/de\/wp-json\/wp\/v2\/product_brand?post=13427"},{"taxonomy":"product_cat","embeddable":true,"href":"https:\/\/bullet24.pro\/de\/wp-json\/wp\/v2\/product_cat?post=13427"},{"taxonomy":"product_tag","embeddable":true,"href":"https:\/\/bullet24.pro\/de\/wp-json\/wp\/v2\/product_tag?post=13427"}],"curies":[{"name":"wp","href":"https:\/\/api.w.org\/{rel}","templated":true}]}}