{"id":13501,"date":"2025-11-21T17:51:26","date_gmt":"2025-11-21T17:51:26","guid":{"rendered":"https:\/\/bullet24.pro\/?post_type=product&#038;p=13501"},"modified":"2025-11-22T19:35:55","modified_gmt":"2025-11-22T19:35:55","slug":"schmidt-bender-4-16x50-klassik-lm-p3-0-5cm-cw-klassik-ct-klassik-ct","status":"publish","type":"product","link":"https:\/\/bullet24.pro\/de\/product\/schmidt-bender-4-16x50-klassik-lm-p3-0-5cm-cw-klassik-ct-klassik-ct\/","title":{"rendered":"Schmidt &#038; Bender 4-16&#215;50 Klassik LM P3 0.5cm cw Klassik CT \/ Klassik CT"},"content":{"rendered":"","protected":false},"excerpt":{"rendered":"<p>F\u00fcr den jagdlichen Weitschuss<br \/>\nDer zielsichere Weitschuss ist die St\u00e4rke des 4-16&#215;50 Klassik. Um auch bei 16-facher Vergr\u00f6\u00dferung zielgenau zu sein, verf\u00fcgt es \u00fcber einen pr\u00e4zisen variablen Parallaxenausgleich ab 50m. Dieser ist f\u00fcr eine akkurate Einstellung mit einer Metergravur ausgestattet. Zusammen mit der enorm exakten und einzigartigen Halbzentimeterverstellung verf\u00fcgt das 4-16&#215;50 Klassik \u00fcber eine gesteigerte Pr\u00e4zision. Dies macht das Zielfernrohr nicht nur f\u00fcr anspruchsvolle J\u00e4ger interessant, sondern auch f\u00fcr sportliche Pr\u00e4zisionssch\u00fctzen. Verf\u00fcgbare Absehen: P3. Turmkonfiguration: Klassik CT \/ Klassik CT.<\/p>\n","protected":false},"featured_media":13481,"template":"","meta":[],"product_brand":[],"product_cat":[684,394,436,442],"product_tag":[],"class_list":{"0":"post-13501","1":"product","2":"type-product","3":"status-publish","4":"has-post-thumbnail","6":"product_cat-jagd","7":"product_cat-optik","8":"product_cat-zieloptik","9":"product_cat-zielfernrohre","11":"first","12":"onbackorder","13":"shipping-taxable","14":"purchasable","15":"product-type-simple"},"_links":{"self":[{"href":"https:\/\/bullet24.pro\/de\/wp-json\/wp\/v2\/product\/13501","targetHints":{"allow":["GET"]}}],"collection":[{"href":"https:\/\/bullet24.pro\/de\/wp-json\/wp\/v2\/product"}],"about":[{"href":"https:\/\/bullet24.pro\/de\/wp-json\/wp\/v2\/types\/product"}],"wp:featuredmedia":[{"embeddable":true,"href":"https:\/\/bullet24.pro\/de\/wp-json\/wp\/v2\/media\/13481"}],"wp:attachment":[{"href":"https:\/\/bullet24.pro\/de\/wp-json\/wp\/v2\/media?parent=13501"}],"wp:term":[{"taxonomy":"product_brand","embeddable":true,"href":"https:\/\/bullet24.pro\/de\/wp-json\/wp\/v2\/product_brand?post=13501"},{"taxonomy":"product_cat","embeddable":true,"href":"https:\/\/bullet24.pro\/de\/wp-json\/wp\/v2\/product_cat?post=13501"},{"taxonomy":"product_tag","embeddable":true,"href":"https:\/\/bullet24.pro\/de\/wp-json\/wp\/v2\/product_tag?post=13501"}],"curies":[{"name":"wp","href":"https:\/\/api.w.org\/{rel}","templated":true}]}}