{"id":13580,"date":"2025-11-21T18:30:23","date_gmt":"2025-11-21T18:30:23","guid":{"rendered":"https:\/\/bullet24.pro\/?post_type=product&#038;p=13580"},"modified":"2025-11-22T19:29:17","modified_gmt":"2025-11-22T19:29:17","slug":"schmidt-bender-4-16x56-polar-t96-p-1-be-p4fl-1cm-cw-posicon-ct-posicon-ct","status":"publish","type":"product","link":"https:\/\/bullet24.pro\/de\/product\/schmidt-bender-4-16x56-polar-t96-p-1-be-p4fl-1cm-cw-posicon-ct-posicon-ct\/","title":{"rendered":"Schmidt &#038; Bender 4-16&#215;56 Polar T96 P 1.BE P4FL 1cm cw Posicon CT \/ Posicon CT"},"content":{"rendered":"","protected":false},"excerpt":{"rendered":"<p>Selbst beim letzten B\u00fcchsenlicht zeigt sich 4-16&#215;56 Polar T96 immer noch mit kompromissloser Pr\u00e4zision. Mit einer bis zu 16-fachen Vergr\u00f6\u00dferung bew\u00e4hrt es sich beim jagdlichen Weitschuss oder f\u00fcr das sportliche Schie\u00dfen auf weit entfernte Ziele. Die \u00fcberlegene Lichttransmission von 96% macht diese klar sichtbar. Dabei bleibt es absolut pr\u00e4zise, zwei Versionen mit Parallaxenausgleich auf 100m oder ab 30m sind verf\u00fcgbar. Neben Posicon ist eine Absehenschnellverstellung (ASV) erh\u00e4ltlich, die optional mit oder gegen den Uhrzeigersinn gedreht werden kann. Zudem ist ein Ballistikturm in der Konfiguration m\u00f6glich, der bei ambitionierten J\u00e4gern punktet. Absehen P4FL. Turmkonfiguration: Posicon CT \/ Posicon CT.<\/p>\n","protected":false},"featured_media":13529,"template":"","meta":[],"product_brand":[],"product_cat":[684,394,436,442],"product_tag":[],"class_list":{"0":"post-13580","1":"product","2":"type-product","3":"status-publish","4":"has-post-thumbnail","6":"product_cat-jagd","7":"product_cat-optik","8":"product_cat-zieloptik","9":"product_cat-zielfernrohre","11":"first","12":"onbackorder","13":"shipping-taxable","14":"purchasable","15":"product-type-simple"},"_links":{"self":[{"href":"https:\/\/bullet24.pro\/de\/wp-json\/wp\/v2\/product\/13580","targetHints":{"allow":["GET"]}}],"collection":[{"href":"https:\/\/bullet24.pro\/de\/wp-json\/wp\/v2\/product"}],"about":[{"href":"https:\/\/bullet24.pro\/de\/wp-json\/wp\/v2\/types\/product"}],"wp:featuredmedia":[{"embeddable":true,"href":"https:\/\/bullet24.pro\/de\/wp-json\/wp\/v2\/media\/13529"}],"wp:attachment":[{"href":"https:\/\/bullet24.pro\/de\/wp-json\/wp\/v2\/media?parent=13580"}],"wp:term":[{"taxonomy":"product_brand","embeddable":true,"href":"https:\/\/bullet24.pro\/de\/wp-json\/wp\/v2\/product_brand?post=13580"},{"taxonomy":"product_cat","embeddable":true,"href":"https:\/\/bullet24.pro\/de\/wp-json\/wp\/v2\/product_cat?post=13580"},{"taxonomy":"product_tag","embeddable":true,"href":"https:\/\/bullet24.pro\/de\/wp-json\/wp\/v2\/product_tag?post=13580"}],"curies":[{"name":"wp","href":"https:\/\/api.w.org\/{rel}","templated":true}]}}