{"id":13628,"date":"2025-11-21T18:54:55","date_gmt":"2025-11-21T18:54:55","guid":{"rendered":"https:\/\/bullet24.pro\/?post_type=product&#038;p=13628"},"modified":"2025-11-22T19:25:25","modified_gmt":"2025-11-22T19:25:25","slug":"schmidt-bender-8x56-klassik-reticle-a7","status":"publish","type":"product","link":"https:\/\/bullet24.pro\/de\/product\/schmidt-bender-8x56-klassik-reticle-a7\/","title":{"rendered":"Schmidt &#038; Bender 8&#215;56 Klassik &#8211; Reticle A7"},"content":{"rendered":"","protected":false},"excerpt":{"rendered":"<p>Zielsicher und zuverl\u00e4ssig<br \/>\nDas 8&#215;56 Klassik ist die Definition der Zuverl\u00e4ssigkeit. Einfach und robust, klassischer geht es kaum. Das fest vergr\u00f6\u00dfernde Zielfernrohr bietet durch sein 56mm-Objektiv eine hervorragende optische Lichtleistung, die selbst bei ung\u00fcnstigen Lichtverh\u00e4ltnissen ein klares und kontrastreiches Bild liefert. Es ist das einzige fest vergr\u00f6\u00dfernde Zielfernrohr im Premiumbereich. Mit der etablierten und bew\u00e4hrten 8-fachen Vergr\u00f6\u00dferung ist das 8&#215;56 Klassik ein idealer Begleiter beim Fuchspassen am Luderplatz oder an der Kirrung. Durch den gro\u00dfen Verstellweg in H\u00f6he und Seite kann das Absehen pr\u00e4zise justiert werden, um den zielgenauen Schuss zu sichern. Dabei ist es enorm wetterfest und trotzt durch das robuste Geh\u00e4use selbst den widrigsten Umst\u00e4nden. J\u00e4ger, die auf Tradition und Erfahrung setzen, finden im 8&#215;56 Klassik den Inbegriff des zielsicheren und zuverl\u00e4ssigen Zielfernrohrs. Absehen A7. Turmkonfiguration: Klassik CT \/ Klassik CT.<\/p>\n","protected":false},"featured_media":13611,"template":"","meta":[],"product_brand":[],"product_cat":[684,394,436,442],"product_tag":[],"class_list":{"0":"post-13628","1":"product","2":"type-product","3":"status-publish","4":"has-post-thumbnail","6":"product_cat-jagd","7":"product_cat-optik","8":"product_cat-zieloptik","9":"product_cat-zielfernrohre","11":"first","12":"onbackorder","13":"shipping-taxable","14":"purchasable","15":"product-type-simple"},"_links":{"self":[{"href":"https:\/\/bullet24.pro\/de\/wp-json\/wp\/v2\/product\/13628","targetHints":{"allow":["GET"]}}],"collection":[{"href":"https:\/\/bullet24.pro\/de\/wp-json\/wp\/v2\/product"}],"about":[{"href":"https:\/\/bullet24.pro\/de\/wp-json\/wp\/v2\/types\/product"}],"wp:featuredmedia":[{"embeddable":true,"href":"https:\/\/bullet24.pro\/de\/wp-json\/wp\/v2\/media\/13611"}],"wp:attachment":[{"href":"https:\/\/bullet24.pro\/de\/wp-json\/wp\/v2\/media?parent=13628"}],"wp:term":[{"taxonomy":"product_brand","embeddable":true,"href":"https:\/\/bullet24.pro\/de\/wp-json\/wp\/v2\/product_brand?post=13628"},{"taxonomy":"product_cat","embeddable":true,"href":"https:\/\/bullet24.pro\/de\/wp-json\/wp\/v2\/product_cat?post=13628"},{"taxonomy":"product_tag","embeddable":true,"href":"https:\/\/bullet24.pro\/de\/wp-json\/wp\/v2\/product_tag?post=13628"}],"curies":[{"name":"wp","href":"https:\/\/api.w.org\/{rel}","templated":true}]}}