{"id":13748,"date":"2025-11-23T09:35:30","date_gmt":"2025-11-23T09:35:30","guid":{"rendered":"https:\/\/bullet24.pro\/?post_type=product&#038;p=13748"},"modified":"2025-11-23T10:02:20","modified_gmt":"2025-11-23T10:02:20","slug":"schmidt-bender-3-21x50-exos-lp-2-be-d7-1cm-cw-st-ii-b-lt-st-zc-ct","status":"publish","type":"product","link":"https:\/\/bullet24.pro\/de\/product\/schmidt-bender-3-21x50-exos-lp-2-be-d7-1cm-cw-st-ii-b-lt-st-zc-ct\/","title":{"rendered":"Schmidt &#038; Bender 3-21&#215;50 Exos LP 2.BE D7 1cm cw ST II-B LT \/ ST ZC CT"},"content":{"rendered":"","protected":false},"excerpt":{"rendered":"<p>Das Schmidt &amp; Bender EXOS 3-21&#215;50 verf\u00fcgt \u00fcber einen \u00e4u\u00dferst vielseitigen 7-fach-Zoom-Bereich und eignet sich damit ideal f\u00fcr ein breites Spektrum jagdlicher Anwendungen \u2013 von der Waldjagd bis hin zum weiten Hochlandschuss. Das Schmidt &amp; Bender EXOS 3-21&#215;50 ist nun mit dem ST-II-B-Turretsystem ausgestattet, einem benutzerfreundlichen ballistischen Jagdturm, der es erm\u00f6glicht, mehrere voreingestellte Entfernungen zu programmieren. Dadurch kann der Sch\u00fctze w\u00e4hrend der Jagd schnell und pr\u00e4zise auf die gew\u00fcnschte Schussdistanz einstellen. Absehen FD7.<\/p>\n<p>Die hochwertige deutsche Optik des Schmidt &amp; Bender EXOS 3-21&#215;50 liefert eine kristallklare Bildqualit\u00e4t unter allen Lichtbedingungen. Die optimierten Linsenbeschichtungen gew\u00e4hrleisten eine schnelle und sichere Zielerfassung sowie eine zuverl\u00e4ssige Identifikationsleistung im Revier.<\/p>\n<p>Das 34-mm-Mittelrohr bietet gro\u00dfz\u00fcgigen internen Verstellweg f\u00fcr alle jagdlich relevanten Distanzen. Die robuste Konstruktion der Zieloptik stellt sicher, dass sie selbst h\u00e4rtesten Einsatzbedingungen standh\u00e4lt \u2013 auch auf anspruchsvollstem Gel\u00e4nde. Mit dem Schmidt &amp; Bender EXOS 3-21&#215;50 k\u00f6nnen Sie sich darauf verlassen, f\u00fcr jede Situation bestens ausger\u00fcstet zu sein.<\/p>\n<p>Dar\u00fcber hinaus verf\u00fcgt das Schmidt &amp; Bender EXOS 3-21&#215;50 \u00fcber einen seitlichen Parallaxenausgleich ab 25 m, wodurch es als vielseitiges Mehrzweck-Zielfernrohr auf verschiedenen Plattformen \u2013 einschlie\u00dflich Kleinkaliber- und Luftgewehren \u2013 eingesetzt werden kann. Diese Parallaxeverstellung bietet zudem eine optimale Basis f\u00fcr die Nutzung von Nachtsicht-Vorsatzger\u00e4ten.<\/p>\n<p><strong>Das Schmidt &amp; Bender EXOS 3-21&#215;50 wird ausschlie\u00dflich auf Bestellung gefertigt; daher ist mit einer Lieferzeit von etwa 4\u20135 Monaten zu rechnen.<\/strong><\/p>\n","protected":false},"featured_media":13728,"template":"","meta":[],"product_brand":[],"product_cat":[684,394,436,442],"product_tag":[],"class_list":{"0":"post-13748","1":"product","2":"type-product","3":"status-publish","4":"has-post-thumbnail","6":"product_cat-jagd","7":"product_cat-optik","8":"product_cat-zieloptik","9":"product_cat-zielfernrohre","11":"first","12":"onbackorder","13":"shipping-taxable","14":"purchasable","15":"product-type-simple"},"_links":{"self":[{"href":"https:\/\/bullet24.pro\/de\/wp-json\/wp\/v2\/product\/13748","targetHints":{"allow":["GET"]}}],"collection":[{"href":"https:\/\/bullet24.pro\/de\/wp-json\/wp\/v2\/product"}],"about":[{"href":"https:\/\/bullet24.pro\/de\/wp-json\/wp\/v2\/types\/product"}],"wp:featuredmedia":[{"embeddable":true,"href":"https:\/\/bullet24.pro\/de\/wp-json\/wp\/v2\/media\/13728"}],"wp:attachment":[{"href":"https:\/\/bullet24.pro\/de\/wp-json\/wp\/v2\/media?parent=13748"}],"wp:term":[{"taxonomy":"product_brand","embeddable":true,"href":"https:\/\/bullet24.pro\/de\/wp-json\/wp\/v2\/product_brand?post=13748"},{"taxonomy":"product_cat","embeddable":true,"href":"https:\/\/bullet24.pro\/de\/wp-json\/wp\/v2\/product_cat?post=13748"},{"taxonomy":"product_tag","embeddable":true,"href":"https:\/\/bullet24.pro\/de\/wp-json\/wp\/v2\/product_tag?post=13748"}],"curies":[{"name":"wp","href":"https:\/\/api.w.org\/{rel}","templated":true}]}}