{"id":13828,"date":"2025-11-23T10:46:50","date_gmt":"2025-11-23T10:46:50","guid":{"rendered":"https:\/\/bullet24.pro\/?post_type=product&#038;p=13828"},"modified":"2025-11-23T15:44:24","modified_gmt":"2025-11-23T15:44:24","slug":"schmidt-bender-10-60x56-cm-ii-high-performance-2-fp-mt-ii-dt-ii","status":"publish","type":"product","link":"https:\/\/bullet24.pro\/de\/product\/schmidt-bender-10-60x56-cm-ii-high-performance-2-fp-mt-ii-dt-ii\/","title":{"rendered":"Schmidt &#038; Bender 10-60&#215;56 CM II High Performance 2.FP MT II \/ DT II +"},"content":{"rendered":"","protected":false},"excerpt":{"rendered":"<p>Pr\u00e4zision der h\u00f6chsten Liga<br \/>\nDas neue Schmidt &amp; Bender 10-60&#215;56 CM II High Performance f\u00fcr alle, die Wert auf h\u00f6chste Pr\u00e4zision und Genauigkeit legen. Egal ob Bench Rest, F-Class, Long Range das neue Schmidt &amp; Bender 10-60&#215;56 CM II High Performance ist optimal f\u00fcr das sportliche Schie\u00dfen geeignet.<\/p>\n<p>Seit der Weltmeisterschaft 2023 in S\u00fcdafrika arbeitet Schmidt &amp; Bender gemeinsam mit dem Team BCM an der Entwicklung des Hochleistungs-Zielfernrohrs. Das Team BCM setzt das Schmidt &amp; Bender 10-60&#215;56 CM II High Performance seit 2024 erfolgreich in der F-Class ein.<\/p>\n<p>Das Schmidt &amp; Bender 10-60&#215;56 CM II High Performance konnte sich als Newcomer bei dem mehrw\u00f6chigen Test des GB FT-R Nationalteam gegen die bereits etablierten Produkte anderer Marken durchsetzen. Das Team wird auf der Weltmeisterschaft 2026 mit dieser Optik antreten.<\/p>\n<p>Als neueste Weiterentwicklung unserer 6-fach Zoom Optikdesigns \u00fcberzeugt das Schmidt &amp; Bender 10-60&#215;56 CM II High Performance mit starken Features: Das gro\u00dfe Sehfeld erlaubt zusammen mit der gro\u00dfz\u00fcgigen Austrittspupille eine angenehme Zielbildaufnahme und legt den neuen Benchmark fest. Der 56-mm-Objektivdurchmesser gepaart mit einer Transmission von \u00fcber 90 % erreicht auch bei extremer Vergr\u00f6\u00dferung ein klares, helles und kontrastreiches Bild. Je nach Disziplin kann zwischen einem beleuchtbaren mrad-basierenden Absehen in der 1.BE oder einem unbeleuchteten MOA-basierenden Absehen in der 2.BE gew\u00e4hlt werden.<\/p>\n<p>Durch den Mittelrohrdurchmesser von 34 mm erreicht das Schmidt &amp; Bender 10-60&#215;56 CM II High Performance einen H\u00f6henverstellweg von \u00fcber 23 mrad\/79 MOA. Mit dem H\u00f6henturm Double Turn II+ ist eine Klickverstellung von 0,1 mrad oder \u00bc MOA und mit dem Multi Turn II 0,05 mrad oder 1\/8 MOA m\u00f6glich.<\/p>\n<p>Dank der Verwendung von Hochleistungs-Aluminium und dem besonderen Design wird auch bei das Schmidt &amp; Bender 10-60&#215;56 CM II High Performance die gewohnte Schmidt-&amp;-Bender-Stabilit\u00e4t sichergestellt und erlaubt die Nutzung des Zielfernrohrs von \u201340 \u00b0C bis +61 \u00b0C. Trotz der soliden Konstruktion und seiner \u00fcberragenden optischen Qualit\u00e4t liegt das Gewicht des Schmidt &amp; Bender 10-60&#215;56 CM II High Performance zwischen 940 \u2013 999 g.Absehen M2F-2MOA, Turmkonfiguration MT II \/ DT II +.<\/p>\n","protected":false},"featured_media":13805,"template":"","meta":[],"product_brand":[],"product_cat":[687,394,436,442],"product_tag":[],"class_list":{"0":"post-13828","1":"product","2":"type-product","3":"status-publish","4":"has-post-thumbnail","6":"product_cat-sport","7":"product_cat-optik","8":"product_cat-zieloptik","9":"product_cat-zielfernrohre","11":"first","12":"onbackorder","13":"shipping-taxable","14":"purchasable","15":"product-type-simple"},"_links":{"self":[{"href":"https:\/\/bullet24.pro\/de\/wp-json\/wp\/v2\/product\/13828","targetHints":{"allow":["GET"]}}],"collection":[{"href":"https:\/\/bullet24.pro\/de\/wp-json\/wp\/v2\/product"}],"about":[{"href":"https:\/\/bullet24.pro\/de\/wp-json\/wp\/v2\/types\/product"}],"wp:featuredmedia":[{"embeddable":true,"href":"https:\/\/bullet24.pro\/de\/wp-json\/wp\/v2\/media\/13805"}],"wp:attachment":[{"href":"https:\/\/bullet24.pro\/de\/wp-json\/wp\/v2\/media?parent=13828"}],"wp:term":[{"taxonomy":"product_brand","embeddable":true,"href":"https:\/\/bullet24.pro\/de\/wp-json\/wp\/v2\/product_brand?post=13828"},{"taxonomy":"product_cat","embeddable":true,"href":"https:\/\/bullet24.pro\/de\/wp-json\/wp\/v2\/product_cat?post=13828"},{"taxonomy":"product_tag","embeddable":true,"href":"https:\/\/bullet24.pro\/de\/wp-json\/wp\/v2\/product_tag?post=13828"}],"curies":[{"name":"wp","href":"https:\/\/api.w.org\/{rel}","templated":true}]}}