{"id":13885,"date":"2025-11-23T11:12:21","date_gmt":"2025-11-23T11:12:21","guid":{"rendered":"https:\/\/bullet24.pro\/?post_type=product&#038;p=13885"},"modified":"2025-11-23T15:42:12","modified_gmt":"2025-11-23T15:42:12","slug":"schmidt-bender-6-36x56-cm-ii-high-performance-us-lpi-0-5cm-cw-mt-ii-mtc-lt-dt-ii-zc-lt","status":"publish","type":"product","link":"https:\/\/bullet24.pro\/de\/product\/schmidt-bender-6-36x56-cm-ii-high-performance-us-lpi-0-5cm-cw-mt-ii-mtc-lt-dt-ii-zc-lt\/","title":{"rendered":"Schmidt &#038; Bender 6-36&#215;56 CM II High Performance US LPI 0.5cm cw MT II MTC LT \/ DT II+ ZC LT"},"content":{"rendered":"","protected":false},"excerpt":{"rendered":"<p>Performance in der h\u00f6chsten Liga<br \/>\nDas Schmidt &amp; Bender 6-36&#215;56 CM II High Performance ist die Revolution der Zielfernrohr-Ikone 5-25&#215;56 PM II. Mit dieser Entwicklung wurde die enorme Leistungsf\u00e4higkeit des 5-25&#215;56 PM II deutlich \u00fcbertroffen. Es punktet mit Leistung von mittleren bis zur extrem weiten Distanz.<\/p>\n<p>Kein anderes Zielfernrohr seiner Klasse bietet ein gr\u00f6\u00dferes Sehfeld. Damit \u00fcbertrifft es selbst bei 6-facher Vergr\u00f6\u00dferung die Sehfelder der am meisten am Markt befindlichen 5-25er Zielfernrohre. Neben dem Sehfeld \u00fcberzeugt die hervorragende Aufl\u00f6sung bei der Zielerkennung, jenseits der 4.000 m Marke. Die von Schmidt &amp; Bender patentierte Beschichtungstechnologie garantiert eine Transmission von deutlich \u00fcber 90 %. Durch die kompakte Bauweise und das extrem geringe Gewicht ist das Schmidt &amp; Bender 6-36&#215;56 CM II High Performance das leichteste Zielfernrohr seiner Klasse. Gleichzeitig \u00fcberzeugt es mit der f\u00fcr Schmidt &amp; Bender-typischen Robustheit.<\/p>\n<p>Es verf\u00fcgt \u00fcber einen gro\u00dfen internen Verstellweg von \u00fcber 40 mrad. Ausger\u00fcstet mit der neuen \u201eLPI\u201c (Leucht-Parallaxe-Integriert), bietet es mehr Montagem\u00f6glichkeiten und ist auch f\u00fcr Linkssch\u00fctzen komfortabel zu bedienen. Mit dieser Performance bietet das Schmidt &amp; Bender 6-36&#215;56 CM II High Performance den neuen Benchmark f\u00fcr die statischen und dynamischen Disziplinen wie PRS und ELR.<\/p>\n<p>Neben sportlichen passenden Absehen stehen auch die sportlich optimierten T\u00fcrme DT II+ und MT II zur Auswahl. Turmkonfiguration: MT II MTC LT \/ DT II + ZC LT.<\/p>\n<p><strong>Verf\u00fcgbare Absehen, bei Bestellung zu best\u00e4tigen: GR\u00b2ID, M1FL, P5FL, TR\u00b2ID.<\/strong><\/p>\n","protected":false},"featured_media":13865,"template":"","meta":[],"product_brand":[],"product_cat":[687,394,436,442],"product_tag":[],"class_list":{"0":"post-13885","1":"product","2":"type-product","3":"status-publish","4":"has-post-thumbnail","6":"product_cat-sport","7":"product_cat-optik","8":"product_cat-zieloptik","9":"product_cat-zielfernrohre","11":"first","12":"onbackorder","13":"shipping-taxable","14":"purchasable","15":"product-type-simple"},"_links":{"self":[{"href":"https:\/\/bullet24.pro\/de\/wp-json\/wp\/v2\/product\/13885","targetHints":{"allow":["GET"]}}],"collection":[{"href":"https:\/\/bullet24.pro\/de\/wp-json\/wp\/v2\/product"}],"about":[{"href":"https:\/\/bullet24.pro\/de\/wp-json\/wp\/v2\/types\/product"}],"wp:featuredmedia":[{"embeddable":true,"href":"https:\/\/bullet24.pro\/de\/wp-json\/wp\/v2\/media\/13865"}],"wp:attachment":[{"href":"https:\/\/bullet24.pro\/de\/wp-json\/wp\/v2\/media?parent=13885"}],"wp:term":[{"taxonomy":"product_brand","embeddable":true,"href":"https:\/\/bullet24.pro\/de\/wp-json\/wp\/v2\/product_brand?post=13885"},{"taxonomy":"product_cat","embeddable":true,"href":"https:\/\/bullet24.pro\/de\/wp-json\/wp\/v2\/product_cat?post=13885"},{"taxonomy":"product_tag","embeddable":true,"href":"https:\/\/bullet24.pro\/de\/wp-json\/wp\/v2\/product_tag?post=13885"}],"curies":[{"name":"wp","href":"https:\/\/api.w.org\/{rel}","templated":true}]}}