{"id":13913,"date":"2025-11-24T08:40:43","date_gmt":"2025-11-24T08:40:43","guid":{"rendered":"https:\/\/bullet24.pro\/?post_type=product&#038;p=13913"},"modified":"2025-11-24T08:42:33","modified_gmt":"2025-11-24T08:42:33","slug":"schmidt-bender-1-8x24-pm-ii-shortdot-dual-cc","status":"publish","type":"product","link":"https:\/\/bullet24.pro\/de\/product\/schmidt-bender-1-8x24-pm-ii-shortdot-dual-cc\/","title":{"rendered":"Schmidt &#038; Bender 1-8&#215;24 PM II ShortDot Dual CC"},"content":{"rendered":"","protected":false},"excerpt":{"rendered":"<p>Die Kombination aus Rotpunkt und Zielfernrohr<br \/>\nDas Schmidt &amp; Bender 1-8&#215;24 PM II ShortDot Dual CC vereint die Eigenschaften eines Rotpunktes und eines Zielfernrohres. Es ist auf kurze bis mittlere Distanzen und von Sturm- bis DMR-Gewehren sowohl dynamisch als auch statisch einsetzbar. Bereits 2016 \u00fcberzeugte es durch den Gewinn der Bundeswehrausschreibung G28 Patrouille und auch 2019 wurden f\u00fcr das neue halbautomatische Scharfsch\u00fctzengewehr FPSA der franz\u00f6sischen Streitkr\u00e4fte \u00fcber 2.700 St\u00fcck ausgeliefert. Seither ist das Schmidt &amp; Bender 1-8&#215;24 PM II ShortDot Dual CC bei weiteren NATO-Staaten, Spezialkr\u00e4ften des US-Milit\u00e4rs sowie Antiterroreinheiten im Einsatz. Das kompakte Schmidt &amp; Bender 1-8&#215;24 PM II ShortDot Dual CC erm\u00f6glicht eine schnelle und verl\u00e4ssliche Zielerfassung dank einer gro\u00dfen Austrittspupille. Der patentierte CC-Modus sorgt auf Nahdistanzen f\u00fcr einen parallaxenfreien Schuss. Au\u00dferhalb des Modus erlaubt es parallaxenfreies Schie\u00dfen auf 100 m oder auf Kundenwunsch auch auf 300 m. Mit einer optischen Aufl\u00f6sung von acht Winkelsekunden bei 8-facher Vergr\u00f6\u00dferung reizt es die technischen Grenzen aus und bietet ein detailreiches und klares Bild. Seine robuste Bauweise h\u00e4lt extremen Belastungen wie dem \u201eSix Orientation Drop Test\u201c oder auch Schocktests mit tausendfachen g-Kr\u00e4ften stand. Der Einsatz in Klimazone C2 (-46\u00b0C) ist problemlos m\u00f6glich. Zur Schusskorrektur k\u00f6nnen das taktische Absehen in der ersten Bildebene oder die arretierbaren, ultraflachen Verstellt\u00fcrme mit MTC- oder ZC-Funktion genutzt werden. Absehen MDR.<\/p>\n<p>Turmkonfiguration: ST MTC LT \/ ST ZC LT. Erh\u00e4ltlich in Rechtslauf (CW) oder Linkslauf (CCW), wird bei der Bestellung best\u00e4tigt.<\/p>\n","protected":false},"featured_media":13890,"template":"","meta":[],"product_brand":[],"product_cat":[690,394,436,442],"product_tag":[],"class_list":{"0":"post-13913","1":"product","2":"type-product","3":"status-publish","4":"has-post-thumbnail","6":"product_cat-defence-de","7":"product_cat-optik","8":"product_cat-zieloptik","9":"product_cat-zielfernrohre","11":"first","12":"onbackorder","13":"shipping-taxable","14":"purchasable","15":"product-type-simple"},"_links":{"self":[{"href":"https:\/\/bullet24.pro\/de\/wp-json\/wp\/v2\/product\/13913","targetHints":{"allow":["GET"]}}],"collection":[{"href":"https:\/\/bullet24.pro\/de\/wp-json\/wp\/v2\/product"}],"about":[{"href":"https:\/\/bullet24.pro\/de\/wp-json\/wp\/v2\/types\/product"}],"wp:featuredmedia":[{"embeddable":true,"href":"https:\/\/bullet24.pro\/de\/wp-json\/wp\/v2\/media\/13890"}],"wp:attachment":[{"href":"https:\/\/bullet24.pro\/de\/wp-json\/wp\/v2\/media?parent=13913"}],"wp:term":[{"taxonomy":"product_brand","embeddable":true,"href":"https:\/\/bullet24.pro\/de\/wp-json\/wp\/v2\/product_brand?post=13913"},{"taxonomy":"product_cat","embeddable":true,"href":"https:\/\/bullet24.pro\/de\/wp-json\/wp\/v2\/product_cat?post=13913"},{"taxonomy":"product_tag","embeddable":true,"href":"https:\/\/bullet24.pro\/de\/wp-json\/wp\/v2\/product_tag?post=13913"}],"curies":[{"name":"wp","href":"https:\/\/api.w.org\/{rel}","templated":true}]}}