{"id":13961,"date":"2025-11-24T08:58:40","date_gmt":"2025-11-24T08:58:40","guid":{"rendered":"https:\/\/bullet24.pro\/?post_type=product&#038;p=13961"},"modified":"2025-11-30T13:13:52","modified_gmt":"2025-11-30T13:13:52","slug":"schmidt-bender-3-12x50-pm-ii-lp-genll-1cm-ccw-dt-mtc-st-zc","status":"publish","type":"product","link":"https:\/\/bullet24.pro\/de\/product\/schmidt-bender-3-12x50-pm-ii-lp-genll-1cm-ccw-dt-mtc-st-zc\/","title":{"rendered":"Schmidt &#038; Bender 3-12&#215;50 PM II LP Genll 1cm ccw DT MTC \/ ST ZC"},"content":{"rendered":"","protected":false},"excerpt":{"rendered":"<p>Vom Benchmark zum Battlemark<br \/>\nDas legend\u00e4rste Zielfernrohr der Welt stammt von Schmidt &amp; Bender: das Schmidt &amp; Bender 3-12&#215;50 PM II. Es ist das einzige Zielfernrohr, das den intensiven, zweij\u00e4hrigen Qualit\u00e4ts- und H\u00e4rtetests des US-Marine Corps standgehalten hat. Kein anderes Zielfernrohr konnte sich bisher mit dieser Legende messen. Seit \u00fcber 25 Jahren ist das Schmidt &amp; Bender 3-12&#215;50 PM II ein Bestseller, der sich im Einsatz von Polizei- und Milit\u00e4reinheiten vieler NATO-Staaten bew\u00e4hrt hat. Seine \u00fcberlegene optische und mechanische Qualit\u00e4t ist unerreicht. Diese Leistung, gepaart mit einer einfachen und intuitiven Bedienung sowie einer kompromisslosen Zuverl\u00e4ssigkeit, ist bis heute einzigartig. Es \u00fcberzeugt sowohl auf DMR- als auch auf Scharfsch\u00fctzenwaffen.<\/p>\n<p>Absehen GenII. Turmkonfiguration DT MTC \/ ST MTC.<\/p>\n<p>&nbsp;<\/p>\n","protected":false},"featured_media":13941,"template":"","meta":[],"product_brand":[],"product_cat":[690,394,436,442],"product_tag":[],"class_list":{"0":"post-13961","1":"product","2":"type-product","3":"status-publish","4":"has-post-thumbnail","6":"product_cat-defence-de","7":"product_cat-optik","8":"product_cat-zieloptik","9":"product_cat-zielfernrohre","11":"first","12":"onbackorder","13":"shipping-taxable","14":"purchasable","15":"product-type-simple"},"_links":{"self":[{"href":"https:\/\/bullet24.pro\/de\/wp-json\/wp\/v2\/product\/13961","targetHints":{"allow":["GET"]}}],"collection":[{"href":"https:\/\/bullet24.pro\/de\/wp-json\/wp\/v2\/product"}],"about":[{"href":"https:\/\/bullet24.pro\/de\/wp-json\/wp\/v2\/types\/product"}],"wp:featuredmedia":[{"embeddable":true,"href":"https:\/\/bullet24.pro\/de\/wp-json\/wp\/v2\/media\/13941"}],"wp:attachment":[{"href":"https:\/\/bullet24.pro\/de\/wp-json\/wp\/v2\/media?parent=13961"}],"wp:term":[{"taxonomy":"product_brand","embeddable":true,"href":"https:\/\/bullet24.pro\/de\/wp-json\/wp\/v2\/product_brand?post=13961"},{"taxonomy":"product_cat","embeddable":true,"href":"https:\/\/bullet24.pro\/de\/wp-json\/wp\/v2\/product_cat?post=13961"},{"taxonomy":"product_tag","embeddable":true,"href":"https:\/\/bullet24.pro\/de\/wp-json\/wp\/v2\/product_tag?post=13961"}],"curies":[{"name":"wp","href":"https:\/\/api.w.org\/{rel}","templated":true}]}}