{"id":13991,"date":"2025-11-24T09:10:43","date_gmt":"2025-11-24T09:10:43","guid":{"rendered":"https:\/\/bullet24.pro\/?post_type=product&#038;p=13991"},"modified":"2025-11-24T09:22:23","modified_gmt":"2025-11-24T09:22:23","slug":"schmidt-bender-3-20x50-pm-ii-ultra-short-dt-ii-mtc-lt-st-ii-zc-lt","status":"publish","type":"product","link":"https:\/\/bullet24.pro\/de\/product\/schmidt-bender-3-20x50-pm-ii-ultra-short-dt-ii-mtc-lt-st-ii-zc-lt\/","title":{"rendered":"Schmidt &#038; Bender 3-20&#215;50 PM II Ultra Short  &#8211; DT II + MTC LT\/ ST II ZC LT"},"content":{"rendered":"","protected":false},"excerpt":{"rendered":"<p>Ungeschlagen in seiner Klasse<br \/>\nDas Schmidt &amp; Bender 3-20&#215;50 PM II Ultra Short ist die Weiterentwicklung des Schmidt &amp; Bender 3-20&#215;50 PM II. Es bietet das gr\u00f6\u00dfte Sehfeld und ist zugleich das k\u00fcrzeste und leichteste Zielfernrohr in seiner Klasse. Seine L\u00e4nge entspricht in etwa der des legend\u00e4ren Schmidt &amp; Bender 3-12&#215;50 PM II, was es zum idealen Upgrade f\u00fcr DMR und Scharfsch\u00fctzen macht.<\/p>\n<p>Das Schmidt &amp; Bender 3-20&#215;50 PM II Ultra Short \u00fcberzeugte unter anderem durch den gemeinsam mit Heckler &amp; Koch errungenen Sieg im CSASS-Programm der US-Armee. Seither ist es bei der US Air Force ebenso im Einsatz wie beim kanadischen oder spanischen Milit\u00e4r. Auch Polizei und Antiterroreinheiten setzen auf das Schmidt &amp; Bender 3-20&#215;50 PM II Ultra Short<\/p>\n<p>Neben dem gro\u00dfen Sehfeld zeichnet es sich durch eine gro\u00dfe Austrittspupille sowie eine hohe Aufl\u00f6sung bei gleichzeitig hoher Transmission aus. Seine robuste Verarbeitung erlaubt den Gebrauch unter extremen Bedingungen, dies wird auch von einem unabh\u00e4ngigen Testlabor NTS best\u00e4tigt. So wurde es auch erfolgreich auf dem Schockstand \u00fcber 30.000 Schocks im Belastungsprofil MK17 mit Beschleunigungen von mehreren tausend g-Kr\u00e4ften getestet.<\/p>\n<p>Aufgrund seiner kompakten Bauweise eignet das Schmidt &amp; Bender 3-20&#215;50 PM II Ultra Short sich besonders f\u00fcr die Verwendung auf Halbautomaten mit kurzen Rails in Kombination mit Nachtsichtger\u00e4ten, kann aber auch auf Repetierwaffen im Kaliber .50 genutzt werden. Verf\u00fcgbare Absehen, bei Bestellung zu best\u00e4tigen: GR\u00b2ID, P4FL, (TREMOR3, MSR2 mit Aufpreis). Turmkonfiguration: DT II + MTC LT\/ ST II ZC LT.<\/p>\n","protected":false},"featured_media":13968,"template":"","meta":[],"product_brand":[],"product_cat":[690,394,436,442],"product_tag":[],"class_list":{"0":"post-13991","1":"product","2":"type-product","3":"status-publish","4":"has-post-thumbnail","6":"product_cat-defence-de","7":"product_cat-optik","8":"product_cat-zieloptik","9":"product_cat-zielfernrohre","11":"first","12":"onbackorder","13":"shipping-taxable","14":"purchasable","15":"product-type-simple"},"_links":{"self":[{"href":"https:\/\/bullet24.pro\/de\/wp-json\/wp\/v2\/product\/13991","targetHints":{"allow":["GET"]}}],"collection":[{"href":"https:\/\/bullet24.pro\/de\/wp-json\/wp\/v2\/product"}],"about":[{"href":"https:\/\/bullet24.pro\/de\/wp-json\/wp\/v2\/types\/product"}],"wp:featuredmedia":[{"embeddable":true,"href":"https:\/\/bullet24.pro\/de\/wp-json\/wp\/v2\/media\/13968"}],"wp:attachment":[{"href":"https:\/\/bullet24.pro\/de\/wp-json\/wp\/v2\/media?parent=13991"}],"wp:term":[{"taxonomy":"product_brand","embeddable":true,"href":"https:\/\/bullet24.pro\/de\/wp-json\/wp\/v2\/product_brand?post=13991"},{"taxonomy":"product_cat","embeddable":true,"href":"https:\/\/bullet24.pro\/de\/wp-json\/wp\/v2\/product_cat?post=13991"},{"taxonomy":"product_tag","embeddable":true,"href":"https:\/\/bullet24.pro\/de\/wp-json\/wp\/v2\/product_tag?post=13991"}],"curies":[{"name":"wp","href":"https:\/\/api.w.org\/{rel}","templated":true}]}}