{"id":14132,"date":"2025-11-24T13:08:20","date_gmt":"2025-11-24T13:08:20","guid":{"rendered":"https:\/\/bullet24.pro\/?post_type=product&#038;p=14132"},"modified":"2025-11-24T13:10:01","modified_gmt":"2025-11-24T13:10:01","slug":"schmidt-bender-3-27x56-pm-ii-high-power-lp-0-5cm-ccw-mt-ii-mtc-lt-dt-ii-zc-lt","status":"publish","type":"product","link":"https:\/\/bullet24.pro\/de\/product\/schmidt-bender-3-27x56-pm-ii-high-power-lp-0-5cm-ccw-mt-ii-mtc-lt-dt-ii-zc-lt\/","title":{"rendered":"Schmidt &#038; Bender 3-27&#215;56 PM II High Power LP 0.5cm ccw MT II MTC LT \/ DT II+ ZC LT"},"content":{"rendered":"","protected":false},"excerpt":{"rendered":"<p>Variabel im Einsatz<br \/>\nDas Schmidt &amp; Bender 3-27&#215;56 PM II High Power ist durch seinen 9-fach Zoom von nahen bis hin zu extremen Distanzen einsetzbar.<\/p>\n<p>Urspr\u00fcnglich wurde das Schmidt &amp; Bender 3-27&#215;56 PM II High Power f\u00fcr das USSOCOM \u201eExtreme Long Range Program\u201c entwickelt, bei dem es sich 2012 als Sieger hervorging. Seither ist das Schmidt &amp; Bender 3-27&#215;56 PM II High Power eine beliebte Scharfsch\u00fctzenoptik bei verschiedenen NATO-Partnern, Polizei und Antiterroreinheiten. Aufgrund seiner Variabilit\u00e4t eignet es sich hervorragend f\u00fcr Multi-Kaliber-Plattformen.<\/p>\n<p>Das Schmidt &amp; Bender 3-27&#215;56 PM II High Power verf\u00fcgt \u00fcber ein extrem gro\u00dfes Sehfeld und eine gro\u00dfz\u00fcgige Austrittspupille. Das Schmidt &amp; Bender 3-27&#215;56 PM II High Powerbesitzt eine hohe Transmission und die Aufl\u00f6sung erlaubt die Wahrnehmung sehr weit entfernten Man-sized Targets. Der interne Verstellweg von mehr als 40 mrad erlaubt dem Sch\u00fctzen das Schie\u00dfen auf sehr gro\u00dfe Entfernungen.<\/p>\n<p>Aufgrund seiner Variabilit\u00e4t eignet das Schmidt &amp; Bender 3-27&#215;56 PM II High Power sich hervorragend f\u00fcr Multi-Kaliber-Plattformen. Verf\u00fcgbare Absehen, bei Bestellung zu best\u00e4tigen: P4FL, (MSR2 mit Aufpreis) Turmkonfiguration: MT II MTC LT \/ DT II+ ZC LT<\/p>\n","protected":false},"featured_media":14115,"template":"","meta":[],"product_brand":[],"product_cat":[690,394,436,442],"product_tag":[],"class_list":{"0":"post-14132","1":"product","2":"type-product","3":"status-publish","4":"has-post-thumbnail","6":"product_cat-defence-de","7":"product_cat-optik","8":"product_cat-zieloptik","9":"product_cat-zielfernrohre","11":"first","12":"onbackorder","13":"shipping-taxable","14":"purchasable","15":"product-type-simple"},"_links":{"self":[{"href":"https:\/\/bullet24.pro\/de\/wp-json\/wp\/v2\/product\/14132","targetHints":{"allow":["GET"]}}],"collection":[{"href":"https:\/\/bullet24.pro\/de\/wp-json\/wp\/v2\/product"}],"about":[{"href":"https:\/\/bullet24.pro\/de\/wp-json\/wp\/v2\/types\/product"}],"wp:featuredmedia":[{"embeddable":true,"href":"https:\/\/bullet24.pro\/de\/wp-json\/wp\/v2\/media\/14115"}],"wp:attachment":[{"href":"https:\/\/bullet24.pro\/de\/wp-json\/wp\/v2\/media?parent=14132"}],"wp:term":[{"taxonomy":"product_brand","embeddable":true,"href":"https:\/\/bullet24.pro\/de\/wp-json\/wp\/v2\/product_brand?post=14132"},{"taxonomy":"product_cat","embeddable":true,"href":"https:\/\/bullet24.pro\/de\/wp-json\/wp\/v2\/product_cat?post=14132"},{"taxonomy":"product_tag","embeddable":true,"href":"https:\/\/bullet24.pro\/de\/wp-json\/wp\/v2\/product_tag?post=14132"}],"curies":[{"name":"wp","href":"https:\/\/api.w.org\/{rel}","templated":true}]}}