{"id":14180,"date":"2025-11-24T13:49:31","date_gmt":"2025-11-24T13:49:31","guid":{"rendered":"https:\/\/bullet24.pro\/?post_type=product&#038;p=14180"},"modified":"2025-11-24T13:51:29","modified_gmt":"2025-11-24T13:51:29","slug":"schmidt-bender-5-20x50-pm-ii-ultra-short-lpi-1cm-cw-dt35-mtc-lt-st-zc-ct","status":"publish","type":"product","link":"https:\/\/bullet24.pro\/de\/product\/schmidt-bender-5-20x50-pm-ii-ultra-short-lpi-1cm-cw-dt35-mtc-lt-st-zc-ct\/","title":{"rendered":"Schmidt &#038; Bender 5-20&#215;50 PM II Ultra Short LPI 1cm cw DT35 MTC LT \/ ST ZC CT"},"content":{"rendered":"","protected":false},"excerpt":{"rendered":"<p>Kompakt und funktional<br \/>\nDas Schmidt &amp; Bender 5-20&#215;50 PM II Ultra Short ist das weltweit k\u00fcrzeste, vollwertige Scharfsch\u00fctzenzielfernrohr.<\/p>\n<p>Das The Schmidt &amp; Bender 5-20&#215;50 PM II Ultra Short gewann die Ausschreibung G210 der Spezialkr\u00e4fte der Bundeswehr KSK und KSM. Au\u00dferdem ist das Schmidt &amp; Bender 5-20&#215;50 PM II Ultra Short bei den Niederlanden und im Bereich von milit\u00e4rischen Spezialeinheiten, darunter NATO-Partner oder Antiterroreinheiten im Einsatz.<\/p>\n<p>Es bietet neben der f\u00fcr Schmidt &amp; Bender typischen mechanischen Robustheit eine hervorragende optische Qualit\u00e4t, hohe Transmission und Aufl\u00f6sung. Die neueste Version ist mit dem neuen \u201eLPI\u201c (Leucht-Parallaxe-Integriert) ausgestattet, das eine optimierte Montage und eine einfachere Bedienung f\u00fcr Linkssch\u00fctzen erm\u00f6glicht. Der neue Vergr\u00f6\u00dferungsring erlaubt zudem die Aufnahme des neuen \u201eThrow Lever\u201c-Vergr\u00f6\u00dferungshebels, um den Vergr\u00f6\u00dferungswechsel schneller zu gestalten.<\/p>\n<p>Das Schmidt &amp; Bender 5-20&#215;50 PM II Ultra Short eignet sich aufgrund seiner kurzen Bauweise f\u00fcr den Einsatz auf Halbautomaten mit kurzen Rails, ist aber ebenso auf Repetierwaffen im Kaliber .50 nutzbar. Im liegenden Anschlag k\u00f6nnen Vorsatzger\u00e4te, ohne die Position zu verlassen, einfach bedient werden. Verf\u00fcgbare Absehen, bei Bestellung zu best\u00e4tigen: P4FL, (MSR2, TREMOR5 mit Aufpreis). Turmkonfiguration: DT35 MTC LT \/ ST ZC CT.<\/p>\n","protected":false},"featured_media":14160,"template":"","meta":[],"product_brand":[],"product_cat":[690,394,436,442],"product_tag":[],"class_list":{"0":"post-14180","1":"product","2":"type-product","3":"status-publish","4":"has-post-thumbnail","6":"product_cat-defence-de","7":"product_cat-optik","8":"product_cat-zieloptik","9":"product_cat-zielfernrohre","11":"first","12":"onbackorder","13":"shipping-taxable","14":"purchasable","15":"product-type-simple"},"_links":{"self":[{"href":"https:\/\/bullet24.pro\/de\/wp-json\/wp\/v2\/product\/14180","targetHints":{"allow":["GET"]}}],"collection":[{"href":"https:\/\/bullet24.pro\/de\/wp-json\/wp\/v2\/product"}],"about":[{"href":"https:\/\/bullet24.pro\/de\/wp-json\/wp\/v2\/types\/product"}],"wp:featuredmedia":[{"embeddable":true,"href":"https:\/\/bullet24.pro\/de\/wp-json\/wp\/v2\/media\/14160"}],"wp:attachment":[{"href":"https:\/\/bullet24.pro\/de\/wp-json\/wp\/v2\/media?parent=14180"}],"wp:term":[{"taxonomy":"product_brand","embeddable":true,"href":"https:\/\/bullet24.pro\/de\/wp-json\/wp\/v2\/product_brand?post=14180"},{"taxonomy":"product_cat","embeddable":true,"href":"https:\/\/bullet24.pro\/de\/wp-json\/wp\/v2\/product_cat?post=14180"},{"taxonomy":"product_tag","embeddable":true,"href":"https:\/\/bullet24.pro\/de\/wp-json\/wp\/v2\/product_tag?post=14180"}],"curies":[{"name":"wp","href":"https:\/\/api.w.org\/{rel}","templated":true}]}}