{"id":14207,"date":"2025-11-24T13:57:34","date_gmt":"2025-11-24T13:57:34","guid":{"rendered":"https:\/\/bullet24.pro\/?post_type=product&#038;p=14207"},"modified":"2025-11-24T13:59:28","modified_gmt":"2025-11-24T13:59:28","slug":"schmidt-bender-5-25x56-pm-ii-lp-1cm-cw-dt-st","status":"publish","type":"product","link":"https:\/\/bullet24.pro\/de\/product\/schmidt-bender-5-25x56-pm-ii-lp-1cm-cw-dt-st\/","title":{"rendered":"Schmidt &#038; Bender 5-25&#215;56 PM II LP 1cm cw DT \/ ST"},"content":{"rendered":"","protected":false},"excerpt":{"rendered":"<p>Die Ikone der 5-25&#215;56 Zielfernrohre<br \/>\nBis heute unterreicht \u2013 das Schmidt &amp; Bender 5-25&#215;56 PM II geh\u00f6rt zu den beliebtesten Zielfernrohren von Schmidt &amp; Bender.<\/p>\n<p>Seit mehr als 15 Jahren das Schmidt &amp; Bender 5-25&#215;56 PM II ist es fester Bestandteil der Ausr\u00fcstung von Polizei-, Milit\u00e4r- und Spezialeinheiten weltweit. So konnte im Jahr 2011 das Schmidt &amp; Bender 5-25&#215;56 PM II die renommierte \u201ePrecision Sniper Rifle\u201c-Ausschreibung des USSOCOM gewonnen werden. Auch heute setzt das Schmidt &amp; Bender 5-25&#215;56 PM II sich in Ausschreibungen gegen seine Nachahmer durch.<\/p>\n<p>Optisch gilt das Schmidt &amp; Bender 5-25&#215;56 PM II bis heute unter den 5-25x als Goldstandard, seit nun fast zwei Jahrzehnten aus. Die Parallaxe l\u00e4sst sich bereits ab 10 m pr\u00e4zise einstellen. Das leistungsstarke Design des Schmidt &amp; Bender 5-25&#215;56 PM II wird kontinuierlich weiterentwickelt. Die neue Vergr\u00f6\u00dferungsverstellung ist aus hochwertigem Aluminium gefertigt und mit dem \u201eThrow Lever\u201c kompatibel. Der metallische Okularabschlussring mit innenliegendem Gewinde dient zur Aufnahme von Zubeh\u00f6r, bietet eine griffige Dioptrienverstellung und erm\u00f6glicht die Montage der hochwertigen Tenebraex-Kappen.<\/p>\n<p>Das Schmidt &amp; Bender 5-25&#215;56 PM II erlaubt Scharfsch\u00fctzen den Einsatz von mittleren bis hin zu extremen Distanzen mehreren Kilometern. Verf\u00fcgbare Absehen, bei Bestellung zu best\u00e4tigen: P4FL, P5FL, (MSR2, TREMOR3 mit Aufpreis). Turmkonfiguration: DT \/ ST.<\/p>\n","protected":false},"featured_media":14184,"template":"","meta":[],"product_brand":[],"product_cat":[690,394,436,442],"product_tag":[],"class_list":{"0":"post-14207","1":"product","2":"type-product","3":"status-publish","4":"has-post-thumbnail","6":"product_cat-defence-de","7":"product_cat-optik","8":"product_cat-zieloptik","9":"product_cat-zielfernrohre","11":"first","12":"onbackorder","13":"shipping-taxable","14":"purchasable","15":"product-type-simple"},"_links":{"self":[{"href":"https:\/\/bullet24.pro\/de\/wp-json\/wp\/v2\/product\/14207","targetHints":{"allow":["GET"]}}],"collection":[{"href":"https:\/\/bullet24.pro\/de\/wp-json\/wp\/v2\/product"}],"about":[{"href":"https:\/\/bullet24.pro\/de\/wp-json\/wp\/v2\/types\/product"}],"wp:featuredmedia":[{"embeddable":true,"href":"https:\/\/bullet24.pro\/de\/wp-json\/wp\/v2\/media\/14184"}],"wp:attachment":[{"href":"https:\/\/bullet24.pro\/de\/wp-json\/wp\/v2\/media?parent=14207"}],"wp:term":[{"taxonomy":"product_brand","embeddable":true,"href":"https:\/\/bullet24.pro\/de\/wp-json\/wp\/v2\/product_brand?post=14207"},{"taxonomy":"product_cat","embeddable":true,"href":"https:\/\/bullet24.pro\/de\/wp-json\/wp\/v2\/product_cat?post=14207"},{"taxonomy":"product_tag","embeddable":true,"href":"https:\/\/bullet24.pro\/de\/wp-json\/wp\/v2\/product_tag?post=14207"}],"curies":[{"name":"wp","href":"https:\/\/api.w.org\/{rel}","templated":true}]}}