{"id":3141,"date":"2023-01-22T14:52:53","date_gmt":"2023-01-22T14:52:53","guid":{"rendered":"https:\/\/bullet24.pro\/?post_type=product&#038;p=3141"},"modified":"2024-10-07T18:40:50","modified_gmt":"2024-10-07T18:40:50","slug":"bt35-nc-5-h-atlas-bipod","status":"publish","type":"product","link":"https:\/\/bullet24.pro\/de\/product\/bt35-nc-5-h-atlas-bipod\/","title":{"rendered":"B&#038;T Industries &#8211; BT35-NC 5-H Atlas Bipod"},"content":{"rendered":"[vc_row type=&#8220;full_width_background&#8220; full_screen_row_position=&#8220;middle&#8220; column_margin=&#8220;default&#8220; column_direction=&#8220;default&#8220; column_direction_tablet=&#8220;default&#8220; column_direction_phone=&#8220;default&#8220; bg_color=&#8220;#ffffff&#8220; scene_position=&#8220;center&#8220; bottom_padding=&#8220;0&#8243; bottom_margin=&#8220;0&#8243; text_color=&#8220;dark&#8220; text_align=&#8220;left&#8220; row_border_radius=&#8220;none&#8220; row_border_radius_applies=&#8220;bg&#8220; overflow=&#8220;visible&#8220; overlay_strength=&#8220;0.3&#8243; gradient_direction=&#8220;left_to_right&#8220; shape_divider_position=&#8220;bottom&#8220; bg_image_animation=&#8220;none&#8220; shape_type=&#8220;&#8220; gradient_type=&#8220;default&#8220;][vc_column column_padding=&#8220;no-extra-padding&#8220; column_padding_tablet=&#8220;inherit&#8220; column_padding_phone=&#8220;inherit&#8220; column_padding_position=&#8220;all&#8220; bottom_margin=&#8220;0&#8243; column_element_direction_desktop=&#8220;default&#8220; column_element_spacing=&#8220;default&#8220; desktop_text_alignment=&#8220;default&#8220; tablet_text_alignment=&#8220;default&#8220; phone_text_alignment=&#8220;default&#8220; background_color_opacity=&#8220;1&#8243; background_hover_color_opacity=&#8220;1&#8243; column_backdrop_filter=&#8220;none&#8220; column_shadow=&#8220;none&#8220; column_border_radius=&#8220;none&#8220; column_link_target=&#8220;_self&#8220; column_position=&#8220;default&#8220; gradient_direction=&#8220;left_to_right&#8220; overlay_strength=&#8220;0.3&#8243; width=&#8220;1\/1&#8243; tablet_width_inherit=&#8220;default&#8220; animation_type=&#8220;default&#8220; bg_image_animation=&#8220;none&#8220; border_type=&#8220;simple&#8220; column_border_width=&#8220;none&#8220; column_border_style=&#8220;solid&#8220; column_padding_type=&#8220;default&#8220; gradient_type=&#8220;default&#8220;][tabbed_section style=&#8220;material&#8220; tab_change_animation=&#8220;fade&#8220; alignment=&#8220;left&#8220; spacing=&#8220;side-45px&#8220; tab_color=&#8220;Accent-Color&#8220; vs_content_animation=&#8220;fade&#8220; vs_link_animation=&#8220;opacity&#8220; vs_navigation_alignment=&#8220;left&#8220; vs_navigation_width_2=&#8220;25%&#8220; vs_navigation_func=&#8220;default&#8220; vs_navigation_width=&#8220;regular&#8220; vs_navigation_spacing=&#8220;15px&#8220; vs_navigation_mobile_display=&#8220;visible&#8220; vs_tab_spacing=&#8220;5%&#8220; full_width_line=&#8220;true&#8220; icon_size=&#8220;32&#8243;][tab icon_family=&#8220;iconsmind&#8220; title=&#8220;Characteristics&#8220; id=&#8220;1674400176571-10&#8243; icon_iconsmind=&#8220;iconsmind-Gears&#8220; tab_id=&#8220;1674400176571-2&#8243;][vc_row_inner column_margin=&#8220;default&#8220; column_direction=&#8220;default&#8220; column_direction_tablet=&#8220;default&#8220; column_direction_phone=&#8220;default&#8220; text_align=&#8220;left&#8220; row_position=&#8220;default&#8220; row_position_tablet=&#8220;inherit&#8220; row_position_phone=&#8220;inherit&#8220; overflow=&#8220;visible&#8220; pointer_events=&#8220;all&#8220;][vc_column_inner column_padding=&#8220;padding-3-percent&#8220; column_padding_tablet=&#8220;inherit&#8220; column_padding_phone=&#8220;inherit&#8220; column_padding_position=&#8220;all&#8220; column_element_direction_desktop=&#8220;default&#8220; column_element_spacing=&#8220;default&#8220; desktop_text_alignment=&#8220;default&#8220; tablet_text_alignment=&#8220;default&#8220; phone_text_alignment=&#8220;default&#8220; background_color_opacity=&#8220;1&#8243; background_hover_color_opacity=&#8220;1&#8243; column_backdrop_filter=&#8220;none&#8220; column_shadow=&#8220;none&#8220; column_border_radius=&#8220;none&#8220; column_link_target=&#8220;_self&#8220; overflow=&#8220;visible&#8220; gradient_direction=&#8220;left_to_right&#8220; overlay_strength=&#8220;0.3&#8243; width=&#8220;1\/2&#8243; tablet_width_inherit=&#8220;default&#8220; animation_type=&#8220;default&#8220; enable_animation=&#8220;true&#8220; animation=&#8220;fade-in-from-bottom&#8220; animation_easing=&#8220;default&#8220; bg_image_animation=&#8220;none&#8220; border_type=&#8220;simple&#8220; column_border_width=&#8220;none&#8220; column_border_style=&#8220;solid&#8220; column_padding_type=&#8220;default&#8220; gradient_type=&#8220;default&#8220;][vc_column_text]\n<h3>Product technical feautures<\/h3>\n[\/vc_column_text][vc_column_text]H\u00f6henbereich: 122 &#8211; 254 mm (168 mm bei 90\u00b0)<br \/>\nSchwenken: 30 Grad<br \/>\nNeigung: 30 Grad<br \/>\nPan und Cant k\u00f6nnen im oberen Totpunkt arretiert werden<br \/>\nPan- und Cant-Spannrad mit Rasterung und Cam-Lock<br \/>\nPositionsknopf 12.7 mm Durchmesser<br \/>\n5 Beinpositionen: 0, 45, 90, 135 und 180 Grad<br \/>\nNicht drehbare Beine: das \u00e4u\u00dfere Bein dreht sich nicht um das innere Bein<br \/>\nGewicht: ca. 730g<br \/>\nFu\u00dfabdruck: 14.5-19.5&#8243;[\/vc_column_text][\/vc_column_inner][vc_column_inner column_padding=&#8220;no-extra-padding&#8220; column_padding_tablet=&#8220;inherit&#8220; column_padding_phone=&#8220;inherit&#8220; column_padding_position=&#8220;all&#8220; column_element_direction_desktop=&#8220;default&#8220; column_element_spacing=&#8220;default&#8220; desktop_text_alignment=&#8220;default&#8220; tablet_text_alignment=&#8220;default&#8220; phone_text_alignment=&#8220;default&#8220; background_color_opacity=&#8220;1&#8243; background_hover_color_opacity=&#8220;1&#8243; column_backdrop_filter=&#8220;none&#8220; column_shadow=&#8220;none&#8220; column_border_radius=&#8220;none&#8220; column_link_target=&#8220;_self&#8220; overflow=&#8220;visible&#8220; gradient_direction=&#8220;left_to_right&#8220; overlay_strength=&#8220;0.3&#8243; width=&#8220;1\/2&#8243; tablet_width_inherit=&#8220;default&#8220; animation_type=&#8220;default&#8220; bg_image_animation=&#8220;none&#8220; border_type=&#8220;simple&#8220; column_border_width=&#8220;none&#8220; column_border_style=&#8220;solid&#8220;][\/vc_column_inner][\/vc_row_inner][\/tab][tab icon_family=&#8220;iconsmind&#8220; title=&#8220;Video Tutorial&#8220; id=&#8220;1674400176643-5&#8243; icon_iconsmind=&#8220;iconsmind-Video-2&#8243; tab_id=&#8220;1674400176643-5&#8243;][vc_row_inner column_margin=&#8220;default&#8220; column_direction=&#8220;default&#8220; column_direction_tablet=&#8220;default&#8220; column_direction_phone=&#8220;default&#8220; top_padding=&#8220;20&#8243; text_align=&#8220;left&#8220; row_position=&#8220;default&#8220; row_position_tablet=&#8220;inherit&#8220; row_position_phone=&#8220;inherit&#8220; overflow=&#8220;visible&#8220; pointer_events=&#8220;all&#8220;][vc_column_inner column_padding=&#8220;no-extra-padding&#8220; column_padding_tablet=&#8220;inherit&#8220; column_padding_phone=&#8220;inherit&#8220; column_padding_position=&#8220;all&#8220; column_element_direction_desktop=&#8220;default&#8220; column_element_spacing=&#8220;default&#8220; desktop_text_alignment=&#8220;default&#8220; tablet_text_alignment=&#8220;default&#8220; phone_text_alignment=&#8220;default&#8220; background_color_opacity=&#8220;1&#8243; background_hover_color_opacity=&#8220;1&#8243; column_backdrop_filter=&#8220;none&#8220; column_shadow=&#8220;none&#8220; column_border_radius=&#8220;none&#8220; column_link_target=&#8220;_self&#8220; overflow=&#8220;visible&#8220; gradient_direction=&#8220;left_to_right&#8220; overlay_strength=&#8220;0.3&#8243; width=&#8220;1\/1&#8243; tablet_width_inherit=&#8220;default&#8220; animation_type=&#8220;default&#8220; enable_animation=&#8220;true&#8220; animation=&#8220;fade-in-from-bottom&#8220; animation_easing=&#8220;default&#8220; bg_image_animation=&#8220;none&#8220; border_type=&#8220;simple&#8220; column_border_width=&#8220;none&#8220; column_border_style=&#8220;solid&#8220;][vc_column_text css=&#8220;.vc_custom_1487092529487{margin-bottom: 20px !important;}&#8220;]\n<h3>A wonderful serenity has <em>taken possession<\/em> of my entire soul, like these sweet mornings of spring which I enjoy with my<em> whole heart<\/em>.<\/h3>\n[\/vc_column_text][nectar_video_lightbox link_style=&#8220;play_button_with_text&#8220; nectar_play_button_color=&#8220;Default-Accent-Color&#8220; nectar_play_button_style=&#8220;default&#8220; font_style=&#8220;p&#8220; video_url=&#8220;https:\/\/www.youtube.com\/watch?v=6oTurM7gESE&#8220; link_text=&#8220;<strong>Introduction Video <\/strong> \u2014 30 seconds&#8220;][\/vc_column_inner][\/vc_row_inner][\/tab][\/tabbed_section][\/vc_column][\/vc_row]\n","protected":false},"excerpt":{"rendered":"<p>Seit B&amp;T Industries im Jahr 2006 das Atlas-Zweibein auf den Markt gebracht hat, hat die Sch\u00fctzengemeinschaft seine patentierten, neuartigen Eigenschaften f\u00fcr n\u00fctzlich befunden. Wir begannen, Anfragen f\u00fcr ein &#8222;gr\u00f6\u00dferes&#8220;, &#8222;schwereres&#8220;, &#8222;robusteres&#8220; Zweibein mit den gleichen Eigenschaften zu erhalten.<\/p>\n<p>Das B&amp;T Industries &#8211; BT35-NC 5-H Atlas Zweibein &#8222;&#8220;No Clamp&#8220;&#8220; hat ein Zweilochmuster von 1,100&#8243; mit 10\/32 Gewinden.<\/p>\n<p>Es erfordert den B&amp;T Industries &#8211; 5-H-ADM Hebel oder wird direkt an unseren B&amp;T Industries &#8211; BT19 AI Spigot oder B&amp;T Industries &#8211; BT70 M-LOK\u00ae Adapter montiert.<\/p>\n<p>Es besteht aus 6061-T6 Aluminium, das Mil-Spec Typ III hart eloxiert ist und hat w\u00e4rmebehandelte, rostfreie Stahlkomponenten. Inklusive zwei 10-32 x 3\/8&#8243;&#8220; Flachkopfschrauben.<\/p>\n<p>Nur in schwarz erh\u00e4ltlich.<\/p>\n","protected":false},"featured_media":3136,"template":"","meta":[],"product_brand":[],"product_cat":[247,402,403],"product_tag":[],"class_list":{"0":"post-3141","1":"product","2":"type-product","3":"status-publish","4":"has-post-thumbnail","6":"product_cat-schiesssportzubehor","7":"product_cat-zweibeinstative-und-einbeinstative","8":"product_cat-zweibeinstative","10":"first","11":"instock","12":"shipping-taxable","13":"purchasable","14":"product-type-simple"},"_links":{"self":[{"href":"https:\/\/bullet24.pro\/de\/wp-json\/wp\/v2\/product\/3141","targetHints":{"allow":["GET"]}}],"collection":[{"href":"https:\/\/bullet24.pro\/de\/wp-json\/wp\/v2\/product"}],"about":[{"href":"https:\/\/bullet24.pro\/de\/wp-json\/wp\/v2\/types\/product"}],"wp:featuredmedia":[{"embeddable":true,"href":"https:\/\/bullet24.pro\/de\/wp-json\/wp\/v2\/media\/3136"}],"wp:attachment":[{"href":"https:\/\/bullet24.pro\/de\/wp-json\/wp\/v2\/media?parent=3141"}],"wp:term":[{"taxonomy":"product_brand","embeddable":true,"href":"https:\/\/bullet24.pro\/de\/wp-json\/wp\/v2\/product_brand?post=3141"},{"taxonomy":"product_cat","embeddable":true,"href":"https:\/\/bullet24.pro\/de\/wp-json\/wp\/v2\/product_cat?post=3141"},{"taxonomy":"product_tag","embeddable":true,"href":"https:\/\/bullet24.pro\/de\/wp-json\/wp\/v2\/product_tag?post=3141"}],"curies":[{"name":"wp","href":"https:\/\/api.w.org\/{rel}","templated":true}]}}