{"id":3286,"date":"2023-01-23T14:51:26","date_gmt":"2023-01-23T14:51:26","guid":{"rendered":"https:\/\/bullet24.pro\/?post_type=product&#038;p=3286"},"modified":"2024-10-08T11:49:02","modified_gmt":"2024-10-08T11:49:02","slug":"bt26-car-adaptor","status":"publish","type":"product","link":"https:\/\/bullet24.pro\/de\/product\/bt26-car-adaptor\/","title":{"rendered":"B&#038;T Industries &#8211; BT26: CAR Adaptor"},"content":{"rendered":"","protected":false},"excerpt":{"rendered":"<p>Mit dem B&amp;T Industries &#8211; BT26 CAR-Adapter, der auf Ihrem CAR-Klappschaft installiert wird, kann jedes unserer PRM-Einbeinstative installiert werden.<\/p>\n<p>Dies ist eine gro\u00dfartige Option f\u00fcr Sch\u00fctzen, die die LOP-Einstellungen mit einem Klappschaft w\u00fcnschen, aber die Stabilit\u00e4t des Accu-Shot w\u00fcnschen. Der B&amp;T Industries &#8211; BT26 ersetzt die werksseitige Schlaufe am Schaft und bietet gleichzeitig die M\u00f6glichkeit, die feste Riemenschlaufe wieder anzubringen, wobei die Schlaufe links, rechts oder unten nach vorne oder hinten abgewinkelt werden kann.<\/p>\n<p>Sie ist aus 1018 kaltgewalztem Stahl gefertigt und mit Magnesiumphosphat behandelt.<\/p>\n<p>Nur in schwarz erh\u00e4ltlich.<\/p>\n<p>Gewicht: 32 g<\/p>\n","protected":false},"featured_media":3278,"template":"","meta":[],"product_brand":[],"product_cat":[247,402,405,408],"product_tag":[],"class_list":{"0":"post-3286","1":"product","2":"type-product","3":"status-publish","4":"has-post-thumbnail","6":"product_cat-schiesssportzubehor","7":"product_cat-zweibeinstative-und-einbeinstative","8":"product_cat-zubehoer-zweibeinstative-und-einbeinstative","9":"product_cat-fuer-einbeinstative","11":"first","12":"instock","13":"shipping-taxable","14":"purchasable","15":"product-type-simple"},"_links":{"self":[{"href":"https:\/\/bullet24.pro\/de\/wp-json\/wp\/v2\/product\/3286","targetHints":{"allow":["GET"]}}],"collection":[{"href":"https:\/\/bullet24.pro\/de\/wp-json\/wp\/v2\/product"}],"about":[{"href":"https:\/\/bullet24.pro\/de\/wp-json\/wp\/v2\/types\/product"}],"wp:featuredmedia":[{"embeddable":true,"href":"https:\/\/bullet24.pro\/de\/wp-json\/wp\/v2\/media\/3278"}],"wp:attachment":[{"href":"https:\/\/bullet24.pro\/de\/wp-json\/wp\/v2\/media?parent=3286"}],"wp:term":[{"taxonomy":"product_brand","embeddable":true,"href":"https:\/\/bullet24.pro\/de\/wp-json\/wp\/v2\/product_brand?post=3286"},{"taxonomy":"product_cat","embeddable":true,"href":"https:\/\/bullet24.pro\/de\/wp-json\/wp\/v2\/product_cat?post=3286"},{"taxonomy":"product_tag","embeddable":true,"href":"https:\/\/bullet24.pro\/de\/wp-json\/wp\/v2\/product_tag?post=3286"}],"curies":[{"name":"wp","href":"https:\/\/api.w.org\/{rel}","templated":true}]}}