{"id":3313,"date":"2023-01-23T15:20:18","date_gmt":"2023-01-23T15:20:18","guid":{"rendered":"https:\/\/bullet24.pro\/?post_type=product&#038;p=3313"},"modified":"2024-10-08T12:28:39","modified_gmt":"2024-10-08T12:28:39","slug":"bt51-ace-bracket","status":"publish","type":"product","link":"https:\/\/bullet24.pro\/de\/product\/bt51-ace-bracket\/","title":{"rendered":"B&#038;T Industries &#8211; BT51: ACE Bracket"},"content":{"rendered":"","protected":false},"excerpt":{"rendered":"<p>Die B&amp;T Industries &#8211; BT51 ACE Halterung wurde f\u00fcr den beliebten A.C.E. Skeleton Stock entwickelt und erm\u00f6glicht die Befestigung eines B&amp;T Industries &#8211; Accu-Shot PRM Style Einbeinstativs (BT12-QK, BT13-QK und BT31-QK) an Ihrem A.C.E. Skeleton Stock.<\/p>\n<p>Es ist aus 6061-T6 Aluminium Mil-Spec Type III hart anodisiert. Neben der Picatinny-Schiene f\u00fcr das PRM verf\u00fcgt das B&amp;T Industries &#8211; BT51 \u00fcber zwei b\u00fcndige Aufnahmen f\u00fcr die Befestigung von Riemen. Die zweiteilige Halterung wird an das Winkelrohr geklemmt und mit den vier mitgelieferten SHCS-Befestigungselementen in Position gehalten. Es ist keine Modifikation erforderlich. Ein 5\/32 Inbusschl\u00fcssel ist erforderlich, aber NICHT enthalten.<\/p>\n<p>Nur in schwarz erh\u00e4ltlich.<\/p>\n<p>Gewicht: 83 g<\/p>\n","protected":false},"featured_media":3308,"template":"","meta":[],"product_brand":[],"product_cat":[247,402,405,408],"product_tag":[],"class_list":{"0":"post-3313","1":"product","2":"type-product","3":"status-publish","4":"has-post-thumbnail","6":"product_cat-schiesssportzubehor","7":"product_cat-zweibeinstative-und-einbeinstative","8":"product_cat-zubehoer-zweibeinstative-und-einbeinstative","9":"product_cat-fuer-einbeinstative","11":"first","12":"instock","13":"shipping-taxable","14":"purchasable","15":"product-type-simple"},"_links":{"self":[{"href":"https:\/\/bullet24.pro\/de\/wp-json\/wp\/v2\/product\/3313","targetHints":{"allow":["GET"]}}],"collection":[{"href":"https:\/\/bullet24.pro\/de\/wp-json\/wp\/v2\/product"}],"about":[{"href":"https:\/\/bullet24.pro\/de\/wp-json\/wp\/v2\/types\/product"}],"wp:featuredmedia":[{"embeddable":true,"href":"https:\/\/bullet24.pro\/de\/wp-json\/wp\/v2\/media\/3308"}],"wp:attachment":[{"href":"https:\/\/bullet24.pro\/de\/wp-json\/wp\/v2\/media?parent=3313"}],"wp:term":[{"taxonomy":"product_brand","embeddable":true,"href":"https:\/\/bullet24.pro\/de\/wp-json\/wp\/v2\/product_brand?post=3313"},{"taxonomy":"product_cat","embeddable":true,"href":"https:\/\/bullet24.pro\/de\/wp-json\/wp\/v2\/product_cat?post=3313"},{"taxonomy":"product_tag","embeddable":true,"href":"https:\/\/bullet24.pro\/de\/wp-json\/wp\/v2\/product_tag?post=3313"}],"curies":[{"name":"wp","href":"https:\/\/api.w.org\/{rel}","templated":true}]}}