{"id":3388,"date":"2023-01-23T16:19:44","date_gmt":"2023-01-23T16:19:44","guid":{"rendered":"https:\/\/bullet24.pro\/?post_type=product&#038;p=3388"},"modified":"2024-10-08T12:33:23","modified_gmt":"2024-10-08T12:33:23","slug":"bt53-silo","status":"publish","type":"product","link":"https:\/\/bullet24.pro\/de\/product\/bt53-silo\/","title":{"rendered":"B&#038;T Industries &#8211; BT53: SILO"},"content":{"rendered":"","protected":false},"excerpt":{"rendered":"<p>Das B&amp;T Industries &#8211; BT53 SILO ist ein neuartiges und patentiertes Produkt, das mittels einer Picatinny-Schiene befestigt wird. Es verf\u00fcgt \u00fcber eine strukturierte Vorderseite, die in Barrikaden gepresst werden kann, Seitenleisten aus Gummi f\u00fcr &#8222;weiche&#8220; Seitenverstrebungen und Griffigkeit, 600 Denier Cordura &#8222;Bohnensack&#8220; Boden f\u00fcr &#8222;weiche&#8220; Schnittstelle auf Leisten, Fenster usw. und zwei b\u00fcndige Schalen.<\/p>\n<p>Eine der beiden b\u00fcndigen Schalen ist f\u00fcr die Aufnahme unseres neuen B&amp;T Industries &#8211; BT54-Bolzen f\u00fcr b\u00fcndige Schalen vorgesehen (NICHT im Lieferumfang des B&amp;T Industries &#8211; BT53 enthalten). Es handelt sich dabei um eine separat erh\u00e4ltliche Option, die es erm\u00f6glicht, den B&amp;T Industries &#8211; BT53 SILO mit nur einem Knopfdruck zu installieren, zu verschieben und zu entfernen.<\/p>\n<p>Es besteht aus 6061-T6 Aluminium, das Mil-Spec Typ III hart eloxiert ist.<\/p>\n<p>L\u00e4nge ca.: 95.3 mm<br \/>\nBreite ca.: 60 mm<br \/>\nH\u00f6he ca.: 45.2 mm<br \/>\nGewicht: 222 g<\/p>\n","protected":false},"featured_media":3383,"template":"","meta":[],"product_brand":[],"product_cat":[247,402,405,406],"product_tag":[],"class_list":{"0":"post-3388","1":"product","2":"type-product","3":"status-publish","4":"has-post-thumbnail","6":"product_cat-schiesssportzubehor","7":"product_cat-zweibeinstative-und-einbeinstative","8":"product_cat-zubehoer-zweibeinstative-und-einbeinstative","9":"product_cat-hardware-de","11":"first","12":"instock","13":"shipping-taxable","14":"purchasable","15":"product-type-simple"},"_links":{"self":[{"href":"https:\/\/bullet24.pro\/de\/wp-json\/wp\/v2\/product\/3388","targetHints":{"allow":["GET"]}}],"collection":[{"href":"https:\/\/bullet24.pro\/de\/wp-json\/wp\/v2\/product"}],"about":[{"href":"https:\/\/bullet24.pro\/de\/wp-json\/wp\/v2\/types\/product"}],"wp:featuredmedia":[{"embeddable":true,"href":"https:\/\/bullet24.pro\/de\/wp-json\/wp\/v2\/media\/3383"}],"wp:attachment":[{"href":"https:\/\/bullet24.pro\/de\/wp-json\/wp\/v2\/media?parent=3388"}],"wp:term":[{"taxonomy":"product_brand","embeddable":true,"href":"https:\/\/bullet24.pro\/de\/wp-json\/wp\/v2\/product_brand?post=3388"},{"taxonomy":"product_cat","embeddable":true,"href":"https:\/\/bullet24.pro\/de\/wp-json\/wp\/v2\/product_cat?post=3388"},{"taxonomy":"product_tag","embeddable":true,"href":"https:\/\/bullet24.pro\/de\/wp-json\/wp\/v2\/product_tag?post=3388"}],"curies":[{"name":"wp","href":"https:\/\/api.w.org\/{rel}","templated":true}]}}