{"id":3435,"date":"2023-01-23T17:18:48","date_gmt":"2023-01-23T17:18:48","guid":{"rendered":"https:\/\/bullet24.pro\/?post_type=product&#038;p=3435"},"modified":"2024-10-08T11:21:35","modified_gmt":"2024-10-08T11:21:35","slug":"bt14-magpul-prs-threaded-sling-studs","status":"publish","type":"product","link":"https:\/\/bullet24.pro\/de\/product\/bt14-magpul-prs-threaded-sling-studs\/","title":{"rendered":"B&#038;T Industries &#8211; BT14: Magpul PRS Threaded Sling Studs"},"content":{"rendered":"","protected":false},"excerpt":{"rendered":"<p>Die B&amp;T Industries &#8211; BT14 Magpul PRS Threaded Sling Studs ersetzen eine der vier Socket Button Head Cap Screws des Magpul Gen 1 Precision Rifle Stock (PRS) durch einen Sling Stud. Die Gewinderiemen, die standardm\u00e4\u00dfig mit dem PRS geliefert werden, k\u00f6nnen umgedreht werden, so dass insgesamt 8 M\u00f6glichkeiten f\u00fcr die Platzierung der Bolzen zur Verf\u00fcgung stehen. Jeder B&amp;T Industries &#8211; BT14 wird mit zwei Sling Studs mit 10-24 Gewinden und schwarzen Polymer-Abstandshaltern geliefert.<\/p>\n<p>Gesamtl\u00e4nge: 41.3 mm<br \/>\nL\u00e4nge des Gewindeteils: 16 mm<br \/>\nGesamtl\u00e4nge des Schafts: 31.75 mm<br \/>\nGewicht: 15 g<\/p>\n","protected":false},"featured_media":3436,"template":"","meta":[],"product_brand":[],"product_cat":[247,402,405,406],"product_tag":[],"class_list":{"0":"post-3435","1":"product","2":"type-product","3":"status-publish","4":"has-post-thumbnail","6":"product_cat-schiesssportzubehor","7":"product_cat-zweibeinstative-und-einbeinstative","8":"product_cat-zubehoer-zweibeinstative-und-einbeinstative","9":"product_cat-hardware-de","11":"first","12":"onbackorder","13":"shipping-taxable","14":"purchasable","15":"product-type-simple"},"_links":{"self":[{"href":"https:\/\/bullet24.pro\/de\/wp-json\/wp\/v2\/product\/3435","targetHints":{"allow":["GET"]}}],"collection":[{"href":"https:\/\/bullet24.pro\/de\/wp-json\/wp\/v2\/product"}],"about":[{"href":"https:\/\/bullet24.pro\/de\/wp-json\/wp\/v2\/types\/product"}],"wp:featuredmedia":[{"embeddable":true,"href":"https:\/\/bullet24.pro\/de\/wp-json\/wp\/v2\/media\/3436"}],"wp:attachment":[{"href":"https:\/\/bullet24.pro\/de\/wp-json\/wp\/v2\/media?parent=3435"}],"wp:term":[{"taxonomy":"product_brand","embeddable":true,"href":"https:\/\/bullet24.pro\/de\/wp-json\/wp\/v2\/product_brand?post=3435"},{"taxonomy":"product_cat","embeddable":true,"href":"https:\/\/bullet24.pro\/de\/wp-json\/wp\/v2\/product_cat?post=3435"},{"taxonomy":"product_tag","embeddable":true,"href":"https:\/\/bullet24.pro\/de\/wp-json\/wp\/v2\/product_tag?post=3435"}],"curies":[{"name":"wp","href":"https:\/\/api.w.org\/{rel}","templated":true}]}}