{"id":3496,"date":"2023-01-23T18:23:49","date_gmt":"2023-01-23T18:23:49","guid":{"rendered":"https:\/\/bullet24.pro\/?post_type=product&#038;p=3496"},"modified":"2024-10-08T10:56:47","modified_gmt":"2024-10-08T10:56:47","slug":"10-32-x-1-25-clamp-bolts-flat-head-fasteners","status":"publish","type":"product","link":"https:\/\/bullet24.pro\/de\/product\/10-32-x-1-25-clamp-bolts-flat-head-fasteners\/","title":{"rendered":"B&#038;T Industries &#8211; 10-32 x 1.25&#8243; Clamp Bolts &#8211; Flat Head Fasteners"},"content":{"rendered":"","protected":false},"excerpt":{"rendered":"<p>B&amp;T Industries &#8211; Ein Ersatzpaar 10-32 x 1,25&#8243; Klemmschrauben &#8211; Flachkopfbefestigungen, die f\u00fcr alle Atlas Zweibeinhalterungen mit 2 Schrauben (BT10, BT65, BT69, BT72) verwendet werden. Das Material ist 4140 legierter Stahl mit einer Manganphosphatierung.<\/p>\n<p>Wir haben auch 10-32 x 1,25&#8243; Zylinderkopfschrauben f\u00fcr Vertragserf\u00fcllungen verwendet, die hier erh\u00e4ltlich sind.<\/p>\n","protected":false},"featured_media":3500,"template":"","meta":[],"product_brand":[],"product_cat":[247,402,405,406],"product_tag":[],"class_list":{"0":"post-3496","1":"product","2":"type-product","3":"status-publish","4":"has-post-thumbnail","6":"product_cat-schiesssportzubehor","7":"product_cat-zweibeinstative-und-einbeinstative","8":"product_cat-zubehoer-zweibeinstative-und-einbeinstative","9":"product_cat-hardware-de","11":"first","12":"instock","13":"shipping-taxable","14":"purchasable","15":"product-type-simple"},"_links":{"self":[{"href":"https:\/\/bullet24.pro\/de\/wp-json\/wp\/v2\/product\/3496","targetHints":{"allow":["GET"]}}],"collection":[{"href":"https:\/\/bullet24.pro\/de\/wp-json\/wp\/v2\/product"}],"about":[{"href":"https:\/\/bullet24.pro\/de\/wp-json\/wp\/v2\/types\/product"}],"wp:featuredmedia":[{"embeddable":true,"href":"https:\/\/bullet24.pro\/de\/wp-json\/wp\/v2\/media\/3500"}],"wp:attachment":[{"href":"https:\/\/bullet24.pro\/de\/wp-json\/wp\/v2\/media?parent=3496"}],"wp:term":[{"taxonomy":"product_brand","embeddable":true,"href":"https:\/\/bullet24.pro\/de\/wp-json\/wp\/v2\/product_brand?post=3496"},{"taxonomy":"product_cat","embeddable":true,"href":"https:\/\/bullet24.pro\/de\/wp-json\/wp\/v2\/product_cat?post=3496"},{"taxonomy":"product_tag","embeddable":true,"href":"https:\/\/bullet24.pro\/de\/wp-json\/wp\/v2\/product_tag?post=3496"}],"curies":[{"name":"wp","href":"https:\/\/api.w.org\/{rel}","templated":true}]}}