{"id":3508,"date":"2023-01-23T18:36:52","date_gmt":"2023-01-23T18:36:52","guid":{"rendered":"https:\/\/bullet24.pro\/?post_type=product&#038;p=3508"},"modified":"2024-10-08T11:40:34","modified_gmt":"2024-10-08T11:40:34","slug":"bt22-atlas-leg-extensions","status":"publish","type":"product","link":"https:\/\/bullet24.pro\/de\/product\/bt22-atlas-leg-extensions\/","title":{"rendered":"B&#038;T Industries &#8211; BT22: Atlas Leg Extensions"},"content":{"rendered":"","protected":false},"excerpt":{"rendered":"<p>Die B&amp;T Industries &#8211; BT22 Atlas Beinverl\u00e4ngerungen lassen sich leicht an jedem Atlas-Zweibein der Modelle B&amp;T Industries &#8211; V8, PSR oder CAL mit einem Druck auf einen Edelstahlkolben installieren. Sie bieten eine zus\u00e4tzliche 3 Zoll der Erhebung und akzeptieren alle unsere optionalen B&amp;T Industries &#8211; V8, PSR oder CAL F\u00fc\u00dfe. Verkauft als ein Paar.<\/p>\n<p>Nur in schwarz erh\u00e4ltlich.<\/p>\n<p>Gewicht: 52 g<\/p>\n","protected":false},"featured_media":3506,"template":"","meta":[],"product_brand":[],"product_cat":[247,402,405,407],"product_tag":[],"class_list":{"0":"post-3508","1":"product","2":"type-product","3":"status-publish","4":"has-post-thumbnail","6":"product_cat-schiesssportzubehor","7":"product_cat-zweibeinstative-und-einbeinstative","8":"product_cat-zubehoer-zweibeinstative-und-einbeinstative","9":"product_cat-fuer-zweibeinstative","11":"first","12":"onbackorder","13":"shipping-taxable","14":"purchasable","15":"product-type-simple"},"_links":{"self":[{"href":"https:\/\/bullet24.pro\/de\/wp-json\/wp\/v2\/product\/3508","targetHints":{"allow":["GET"]}}],"collection":[{"href":"https:\/\/bullet24.pro\/de\/wp-json\/wp\/v2\/product"}],"about":[{"href":"https:\/\/bullet24.pro\/de\/wp-json\/wp\/v2\/types\/product"}],"wp:featuredmedia":[{"embeddable":true,"href":"https:\/\/bullet24.pro\/de\/wp-json\/wp\/v2\/media\/3506"}],"wp:attachment":[{"href":"https:\/\/bullet24.pro\/de\/wp-json\/wp\/v2\/media?parent=3508"}],"wp:term":[{"taxonomy":"product_brand","embeddable":true,"href":"https:\/\/bullet24.pro\/de\/wp-json\/wp\/v2\/product_brand?post=3508"},{"taxonomy":"product_cat","embeddable":true,"href":"https:\/\/bullet24.pro\/de\/wp-json\/wp\/v2\/product_cat?post=3508"},{"taxonomy":"product_tag","embeddable":true,"href":"https:\/\/bullet24.pro\/de\/wp-json\/wp\/v2\/product_tag?post=3508"}],"curies":[{"name":"wp","href":"https:\/\/api.w.org\/{rel}","templated":true}]}}