{"id":3516,"date":"2023-01-24T09:49:51","date_gmt":"2023-01-24T09:49:51","guid":{"rendered":"https:\/\/bullet24.pro\/?post_type=product&#038;p=3516"},"modified":"2024-10-08T12:13:30","modified_gmt":"2024-10-08T12:13:30","slug":"bt32-atlas-standard-rubber-feet","status":"publish","type":"product","link":"https:\/\/bullet24.pro\/de\/product\/bt32-atlas-standard-rubber-feet\/","title":{"rendered":"B&#038;T Industries &#8211; BT32: Atlas Standard Rubber Feet"},"content":{"rendered":"","protected":false},"excerpt":{"rendered":"<p>Die B&amp;T Industries &#8211; BT32 Atlas Standard-Gummif\u00fc\u00dfe geh\u00f6ren zur Standardausr\u00fcstung aller Atlas-Zweibeine der Modelle B&amp;T Industries &#8211; V8, PSR und CAL. Sie sind leicht mit der Presse von einem Edelstahlkolben installiert.<\/p>\n<p>Verkauft als Paar.<\/p>\n<p>Nur in schwarz erh\u00e4ltlich.<\/p>\n<p>Gewicht: 29 g<\/p>\n","protected":false},"featured_media":3514,"template":"","meta":[],"product_brand":[],"product_cat":[247,402,405,407],"product_tag":[],"class_list":{"0":"post-3516","1":"product","2":"type-product","3":"status-publish","4":"has-post-thumbnail","6":"product_cat-schiesssportzubehor","7":"product_cat-zweibeinstative-und-einbeinstative","8":"product_cat-zubehoer-zweibeinstative-und-einbeinstative","9":"product_cat-fuer-zweibeinstative","11":"first","12":"instock","13":"shipping-taxable","14":"purchasable","15":"product-type-simple"},"_links":{"self":[{"href":"https:\/\/bullet24.pro\/de\/wp-json\/wp\/v2\/product\/3516","targetHints":{"allow":["GET"]}}],"collection":[{"href":"https:\/\/bullet24.pro\/de\/wp-json\/wp\/v2\/product"}],"about":[{"href":"https:\/\/bullet24.pro\/de\/wp-json\/wp\/v2\/types\/product"}],"wp:featuredmedia":[{"embeddable":true,"href":"https:\/\/bullet24.pro\/de\/wp-json\/wp\/v2\/media\/3514"}],"wp:attachment":[{"href":"https:\/\/bullet24.pro\/de\/wp-json\/wp\/v2\/media?parent=3516"}],"wp:term":[{"taxonomy":"product_brand","embeddable":true,"href":"https:\/\/bullet24.pro\/de\/wp-json\/wp\/v2\/product_brand?post=3516"},{"taxonomy":"product_cat","embeddable":true,"href":"https:\/\/bullet24.pro\/de\/wp-json\/wp\/v2\/product_cat?post=3516"},{"taxonomy":"product_tag","embeddable":true,"href":"https:\/\/bullet24.pro\/de\/wp-json\/wp\/v2\/product_tag?post=3516"}],"curies":[{"name":"wp","href":"https:\/\/api.w.org\/{rel}","templated":true}]}}