{"id":3551,"date":"2023-01-25T06:52:18","date_gmt":"2023-01-25T06:52:18","guid":{"rendered":"https:\/\/bullet24.pro\/?post_type=product&#038;p=3551"},"modified":"2024-10-08T11:42:49","modified_gmt":"2024-10-08T11:42:49","slug":"bt23-atlas-ski-feet","status":"publish","type":"product","link":"https:\/\/bullet24.pro\/de\/product\/bt23-atlas-ski-feet\/","title":{"rendered":"B&#038;T Industries &#8211; BT23: Atlas Ski Feet"},"content":{"rendered":"","protected":false},"excerpt":{"rendered":"<p>Die B&amp;T Industries &#8211; BT23 Atlas-Skif\u00fc\u00dfe lassen sich leicht an jedem Atlas-Zweibein der Modelle B&amp;T Industries &#8211; V8, PSR oder CAL durch Dr\u00fccken eines rostfreien Stahlstempels anbringen. Sie werden nur in der 90-Grad-Position flach liegen. Die B&amp;T Industries &#8211; BT23 liefern einen voll gegliederten, glatten Fu\u00df zur Unterst\u00fctzung des Zweibeins.<br \/>\nVerkauft als ein Paar.<br \/>\nNur in schwarz erh\u00e4ltlich.<\/p>\n<p>Gewicht: 43 g<\/p>\n","protected":false},"featured_media":3521,"template":"","meta":[],"product_brand":[],"product_cat":[247,402,405,407],"product_tag":[],"class_list":{"0":"post-3551","1":"product","2":"type-product","3":"status-publish","4":"has-post-thumbnail","6":"product_cat-schiesssportzubehor","7":"product_cat-zweibeinstative-und-einbeinstative","8":"product_cat-zubehoer-zweibeinstative-und-einbeinstative","9":"product_cat-fuer-zweibeinstative","11":"first","12":"instock","13":"shipping-taxable","14":"purchasable","15":"product-type-simple"},"_links":{"self":[{"href":"https:\/\/bullet24.pro\/de\/wp-json\/wp\/v2\/product\/3551","targetHints":{"allow":["GET"]}}],"collection":[{"href":"https:\/\/bullet24.pro\/de\/wp-json\/wp\/v2\/product"}],"about":[{"href":"https:\/\/bullet24.pro\/de\/wp-json\/wp\/v2\/types\/product"}],"wp:featuredmedia":[{"embeddable":true,"href":"https:\/\/bullet24.pro\/de\/wp-json\/wp\/v2\/media\/3521"}],"wp:attachment":[{"href":"https:\/\/bullet24.pro\/de\/wp-json\/wp\/v2\/media?parent=3551"}],"wp:term":[{"taxonomy":"product_brand","embeddable":true,"href":"https:\/\/bullet24.pro\/de\/wp-json\/wp\/v2\/product_brand?post=3551"},{"taxonomy":"product_cat","embeddable":true,"href":"https:\/\/bullet24.pro\/de\/wp-json\/wp\/v2\/product_cat?post=3551"},{"taxonomy":"product_tag","embeddable":true,"href":"https:\/\/bullet24.pro\/de\/wp-json\/wp\/v2\/product_tag?post=3551"}],"curies":[{"name":"wp","href":"https:\/\/api.w.org\/{rel}","templated":true}]}}