{"id":3568,"date":"2023-01-25T08:11:35","date_gmt":"2023-01-25T08:11:35","guid":{"rendered":"https:\/\/bullet24.pro\/?post_type=product&#038;p=3568"},"modified":"2024-10-08T13:07:58","modified_gmt":"2024-10-08T13:07:58","slug":"bt75-atlas-5-h-super-cal-raider-cleat-feet","status":"publish","type":"product","link":"https:\/\/bullet24.pro\/de\/product\/bt75-atlas-5-h-super-cal-raider-cleat-feet\/","title":{"rendered":"B&#038;T Industries &#8211; BT75: Atlas 5-H &#038; Super CAL Raider Cleat Feet"},"content":{"rendered":"","protected":false},"excerpt":{"rendered":"<p>Die B&amp;T Industries &#8211; BT75 Atlas 5-H &amp; Super CAL Raider Cleat Feet sind aus 303 Edelstahl in einem St\u00fcck f\u00fcr St\u00e4rke und Haltbarkeit gedreht. Sie werden B&amp;T Industries &#8211; 5-H und Super CAL Modell Atlas Zweibeine passen. Sie lassen sich durch Dr\u00fccken eines Edelstahlstempels leicht installieren.<\/p>\n<p>Die Cleat Teil ist etwa 31.1 mm lang mit dem gr\u00f6\u00dften Au\u00dfendurchmesser von etwa 36.7 mm.<\/p>\n<p>Verkauft als ein Paar.<\/p>\n<p>Nur in rohem Edelstahl erh\u00e4ltlich.<\/p>\n<p>Gesamtgewicht des Paares: 135 g<\/p>\n<p><strong>Das Produkt ist nur f\u00fcr die Modelle B&amp;T Industries &#8211; 5-H und Super CAL geeignet.<\/strong><\/p>\n","protected":false},"featured_media":4418,"template":"","meta":[],"product_brand":[],"product_cat":[247,402,405,407],"product_tag":[],"class_list":{"0":"post-3568","1":"product","2":"type-product","3":"status-publish","4":"has-post-thumbnail","6":"product_cat-schiesssportzubehor","7":"product_cat-zweibeinstative-und-einbeinstative","8":"product_cat-zubehoer-zweibeinstative-und-einbeinstative","9":"product_cat-fuer-zweibeinstative","11":"first","12":"instock","13":"shipping-taxable","14":"purchasable","15":"product-type-simple"},"_links":{"self":[{"href":"https:\/\/bullet24.pro\/de\/wp-json\/wp\/v2\/product\/3568","targetHints":{"allow":["GET"]}}],"collection":[{"href":"https:\/\/bullet24.pro\/de\/wp-json\/wp\/v2\/product"}],"about":[{"href":"https:\/\/bullet24.pro\/de\/wp-json\/wp\/v2\/types\/product"}],"wp:featuredmedia":[{"embeddable":true,"href":"https:\/\/bullet24.pro\/de\/wp-json\/wp\/v2\/media\/4418"}],"wp:attachment":[{"href":"https:\/\/bullet24.pro\/de\/wp-json\/wp\/v2\/media?parent=3568"}],"wp:term":[{"taxonomy":"product_brand","embeddable":true,"href":"https:\/\/bullet24.pro\/de\/wp-json\/wp\/v2\/product_brand?post=3568"},{"taxonomy":"product_cat","embeddable":true,"href":"https:\/\/bullet24.pro\/de\/wp-json\/wp\/v2\/product_cat?post=3568"},{"taxonomy":"product_tag","embeddable":true,"href":"https:\/\/bullet24.pro\/de\/wp-json\/wp\/v2\/product_tag?post=3568"}],"curies":[{"name":"wp","href":"https:\/\/api.w.org\/{rel}","templated":true}]}}