{"id":3580,"date":"2023-01-25T08:20:15","date_gmt":"2023-01-25T08:20:15","guid":{"rendered":"https:\/\/bullet24.pro\/?post_type=product&#038;p=3580"},"modified":"2024-10-08T11:23:35","modified_gmt":"2024-10-08T11:23:35","slug":"bt15-3-35-1913-picatinny-rail","status":"publish","type":"product","link":"https:\/\/bullet24.pro\/de\/product\/bt15-3-35-1913-picatinny-rail\/","title":{"rendered":"B&#038;T Industries &#8211; BT15: 3.35&#8243; 1913 Picatinny Rail"},"content":{"rendered":"","protected":false},"excerpt":{"rendered":"<p>Die B&amp;T Industries &#8211; BT15 &#8211; 85 mm 1913 Picatinny-Schiene ist f\u00fcr Lochmuster mit einem Mittenabstand von 44.7 &#8211; 70.6 mm geeignet und hat eine gew\u00f6lbte R\u00fcckseite, um gekr\u00fcmmte Oberfl\u00e4chen zu erm\u00f6glichen. Es hat auch eine b\u00fcndige Schale, die die Verwendung von Flush Cup Riemenb\u00fcgeln und Riemenbolzen erm\u00f6glicht (beides nicht im Lieferumfang enthalten).<\/p>\n<p>Es k\u00f6nnen ein Standard-Hebebolzen und ein Abstandhalter f\u00fcr den Hebebolzen als ein Befestigungselement oder zwei Maschinenschrauben mit Knopfkopf verwendet werden. KEINE HARDWARE ENTHALTEN. Siehe B&amp;T Industries &#8211; BT1517, um diese Schiene am Vorderschaft von Standard-Gewehrsch\u00e4ften zu befestigen.<\/p>\n<p>Gefertigt nach Picatinny-Schienenstandards aus 6061-T6 Aluminium mit Mil-Spec Typ III Klasse 2 Finish.<\/p>\n<p>Nur in schwarz erh\u00e4ltlich.<\/p>\n<p>Gewicht: 27 g<\/p>\n","protected":false},"featured_media":3572,"template":"","meta":[],"product_brand":[],"product_cat":[247,402,405,407],"product_tag":[],"class_list":{"0":"post-3580","1":"product","2":"type-product","3":"status-publish","4":"has-post-thumbnail","6":"product_cat-schiesssportzubehor","7":"product_cat-zweibeinstative-und-einbeinstative","8":"product_cat-zubehoer-zweibeinstative-und-einbeinstative","9":"product_cat-fuer-zweibeinstative","11":"first","12":"instock","13":"shipping-taxable","14":"purchasable","15":"product-type-simple"},"_links":{"self":[{"href":"https:\/\/bullet24.pro\/de\/wp-json\/wp\/v2\/product\/3580","targetHints":{"allow":["GET"]}}],"collection":[{"href":"https:\/\/bullet24.pro\/de\/wp-json\/wp\/v2\/product"}],"about":[{"href":"https:\/\/bullet24.pro\/de\/wp-json\/wp\/v2\/types\/product"}],"wp:featuredmedia":[{"embeddable":true,"href":"https:\/\/bullet24.pro\/de\/wp-json\/wp\/v2\/media\/3572"}],"wp:attachment":[{"href":"https:\/\/bullet24.pro\/de\/wp-json\/wp\/v2\/media?parent=3580"}],"wp:term":[{"taxonomy":"product_brand","embeddable":true,"href":"https:\/\/bullet24.pro\/de\/wp-json\/wp\/v2\/product_brand?post=3580"},{"taxonomy":"product_cat","embeddable":true,"href":"https:\/\/bullet24.pro\/de\/wp-json\/wp\/v2\/product_cat?post=3580"},{"taxonomy":"product_tag","embeddable":true,"href":"https:\/\/bullet24.pro\/de\/wp-json\/wp\/v2\/product_tag?post=3580"}],"curies":[{"name":"wp","href":"https:\/\/api.w.org\/{rel}","templated":true}]}}