{"id":3619,"date":"2023-01-25T09:10:45","date_gmt":"2023-01-25T09:10:45","guid":{"rendered":"https:\/\/bullet24.pro\/?post_type=product&#038;p=3619"},"modified":"2024-10-08T12:17:25","modified_gmt":"2024-10-08T12:17:25","slug":"bt34-2-05-1913-picatinny-rail","status":"publish","type":"product","link":"https:\/\/bullet24.pro\/de\/product\/bt34-2-05-1913-picatinny-rail\/","title":{"rendered":"B&#038;T Industries &#8211; BT34: 2.05&#8243; 1913 Picatinny Rail"},"content":{"rendered":"","protected":false},"excerpt":{"rendered":"<p>Die B&amp;T Industries &#8211; BT34 &#8211; 52 mm 1913 Picatinny Rail hat einen Abstand von Mitte zu Mitte von 40.65 mm mit einem 25.4 mm Radius nach hinten. Zwei Maschinenschrauben k\u00f6nnen verwendet werden, sind aber nicht im Lieferumfang enthalten (siehe B&amp;T Industries &#8211; BT1517), um diese Schiene an den Vorderschaft von Standard-Gewehrsch\u00e4ften zu befestigen. Sie kann auch an einer horizontalen Fl\u00e4che des Schaftes angebracht werden, um unsere B&amp;T Industries &#8211; Pr\u00e4zisionsschienen-Einbeinstative (BT12, BT13, BT31) zu befestigen.<\/p>\n<p>Gefertigt nach Picatinny-Schienenstandards aus 6061-T6 Aluminium mit Mil-Spec Type III Class 2 Finish. KEINE HARDWARE ENTHALTEN. Nur in schwarz erh\u00e4ltlich.<\/p>\n<p>Gewicht: 12 g<\/p>\n","protected":false},"featured_media":3617,"template":"","meta":[],"product_brand":[],"product_cat":[247,402,405,407],"product_tag":[],"class_list":{"0":"post-3619","1":"product","2":"type-product","3":"status-publish","4":"has-post-thumbnail","6":"product_cat-schiesssportzubehor","7":"product_cat-zweibeinstative-und-einbeinstative","8":"product_cat-zubehoer-zweibeinstative-und-einbeinstative","9":"product_cat-fuer-zweibeinstative","11":"first","12":"onbackorder","13":"shipping-taxable","14":"purchasable","15":"product-type-simple"},"_links":{"self":[{"href":"https:\/\/bullet24.pro\/de\/wp-json\/wp\/v2\/product\/3619","targetHints":{"allow":["GET"]}}],"collection":[{"href":"https:\/\/bullet24.pro\/de\/wp-json\/wp\/v2\/product"}],"about":[{"href":"https:\/\/bullet24.pro\/de\/wp-json\/wp\/v2\/types\/product"}],"wp:featuredmedia":[{"embeddable":true,"href":"https:\/\/bullet24.pro\/de\/wp-json\/wp\/v2\/media\/3617"}],"wp:attachment":[{"href":"https:\/\/bullet24.pro\/de\/wp-json\/wp\/v2\/media?parent=3619"}],"wp:term":[{"taxonomy":"product_brand","embeddable":true,"href":"https:\/\/bullet24.pro\/de\/wp-json\/wp\/v2\/product_brand?post=3619"},{"taxonomy":"product_cat","embeddable":true,"href":"https:\/\/bullet24.pro\/de\/wp-json\/wp\/v2\/product_cat?post=3619"},{"taxonomy":"product_tag","embeddable":true,"href":"https:\/\/bullet24.pro\/de\/wp-json\/wp\/v2\/product_tag?post=3619"}],"curies":[{"name":"wp","href":"https:\/\/api.w.org\/{rel}","templated":true}]}}