{"id":3652,"date":"2023-01-25T09:40:30","date_gmt":"2023-01-25T09:40:30","guid":{"rendered":"https:\/\/bullet24.pro\/?post_type=product&#038;p=3652"},"modified":"2024-10-08T11:52:49","modified_gmt":"2024-10-08T11:52:49","slug":"bt28-afar-rail-kit","status":"publish","type":"product","link":"https:\/\/bullet24.pro\/de\/product\/bt28-afar-rail-kit\/","title":{"rendered":"B&#038;T Industries &#8211; BT28: AFAR Rail Kit"},"content":{"rendered":"","protected":false},"excerpt":{"rendered":"<p>Das B&amp;T Industries &#8211; BT28 AFAR Rail Kit wird in Zubeh\u00f6rschienen montiert und bietet eine 1913 Picatinny-Schiene mit niedrigem Profil zur Befestigung von Atlas-Zweibeinen oder anderem Zubeh\u00f6r. Dies ist eine gro\u00dfartige Option f\u00fcr Sch\u00fctzen, die Zubeh\u00f6rschienen haben und ihren schienenmontierten Atlas an mehreren Gewehren verwenden m\u00f6chten.<\/p>\n<p>Die einzigartig gestalteten rechteckigen Muttern (B&amp;T Industries &#8211; BT28-N) passen sowohl auf Freeland- als auch auf Anschutz-Schienen, indem sie um 90\u00b0 gedreht werden.<\/p>\n<p>Die 1913 Picatinny-Schiene ist 52.1 mm lang und hat einen Abstand von Mitte zu Mitte von 40.65 mm mit einem 25.4 mm Radius nach hinten.<\/p>\n<p>Gefertigt nach Picatinny-Schienenstandards aus 6061-T6 Aluminium mit Mil-Spec Type III Class 2 Finish mit 4041 Alloy Steel Befestigungselementen. Enth\u00e4lt zwei rechteckige Muttern, zwei 3\/8&#8243;-Verschl\u00fcsse und zwei 1\/2&#8243;-Verschl\u00fcsse. Nur in schwarz erh\u00e4ltlich.<\/p>\n<p>L\u00e4nge: 52.1 mm<br \/>\nGewicht: 26 g<\/p>\n","protected":false},"featured_media":4410,"template":"","meta":[],"product_brand":[],"product_cat":[247,402,405,407],"product_tag":[],"class_list":{"0":"post-3652","1":"product","2":"type-product","3":"status-publish","4":"has-post-thumbnail","6":"product_cat-schiesssportzubehor","7":"product_cat-zweibeinstative-und-einbeinstative","8":"product_cat-zubehoer-zweibeinstative-und-einbeinstative","9":"product_cat-fuer-zweibeinstative","11":"first","12":"onbackorder","13":"shipping-taxable","14":"purchasable","15":"product-type-simple"},"_links":{"self":[{"href":"https:\/\/bullet24.pro\/de\/wp-json\/wp\/v2\/product\/3652","targetHints":{"allow":["GET"]}}],"collection":[{"href":"https:\/\/bullet24.pro\/de\/wp-json\/wp\/v2\/product"}],"about":[{"href":"https:\/\/bullet24.pro\/de\/wp-json\/wp\/v2\/types\/product"}],"wp:featuredmedia":[{"embeddable":true,"href":"https:\/\/bullet24.pro\/de\/wp-json\/wp\/v2\/media\/4410"}],"wp:attachment":[{"href":"https:\/\/bullet24.pro\/de\/wp-json\/wp\/v2\/media?parent=3652"}],"wp:term":[{"taxonomy":"product_brand","embeddable":true,"href":"https:\/\/bullet24.pro\/de\/wp-json\/wp\/v2\/product_brand?post=3652"},{"taxonomy":"product_cat","embeddable":true,"href":"https:\/\/bullet24.pro\/de\/wp-json\/wp\/v2\/product_cat?post=3652"},{"taxonomy":"product_tag","embeddable":true,"href":"https:\/\/bullet24.pro\/de\/wp-json\/wp\/v2\/product_tag?post=3652"}],"curies":[{"name":"wp","href":"https:\/\/api.w.org\/{rel}","templated":true}]}}