{"id":3692,"date":"2023-01-25T10:07:15","date_gmt":"2023-01-25T10:07:15","guid":{"rendered":"https:\/\/bullet24.pro\/?post_type=product&#038;p=3692"},"modified":"2025-11-20T15:28:23","modified_gmt":"2025-11-20T15:28:23","slug":"bt21-atlas-trg-bracket","status":"publish","type":"product","link":"https:\/\/bullet24.pro\/de\/product\/bt21-atlas-trg-bracket\/","title":{"rendered":"B&#038;T Industries &#8211; BT21: Atlas TRG Bracket"},"content":{"rendered":"","protected":false},"excerpt":{"rendered":"<p>Die B&amp;T Industries &#8211; BT21 Atlas TRG Halterung (ATB) ist f\u00fcr die Verwendung mit der Sako TRG Linie von Gewehren, die den TRG Zweibeinbefestigungsschlitz verwenden, konzipiert. Die ATB bietet eine vordere Montageposition, die auch n\u00e4her an der Bohrung-Linie ist.<\/p>\n<p>Es ist f\u00fcr die Verwendung entweder mit der 2-Schrauben-Klemmung (BT10, BT65, BT69, BT72) oder mit dem Schnellwechselhebel (gekennzeichnet durch &#8222;&#8220;LW17&#8243;&#8220;) von B&amp;T Industries &#8211; Atlas-Zweibeinmodellen vorgesehen, die direkt an den Picatinny-Schienenabschnitt des ATB montiert werden. Obwohl die B&amp;T Industries &#8211; No Clamp (NC)-Modelle auf dem ATB montiert werden k\u00f6nnen, muss das Zweibein w\u00e4hrend der Montage des ATB vor der Wiedermontage des Schaftes angebracht werden. DIES F\u00dcHRT DAZU, DASS DAS ZWEIBEIN SEMI-PERMANENT AN DAS JEWEILIGE GEWEHR GEBUNDEN IST.<\/p>\n<p>Das ATB ist aus 6061-T6 Aluminium mit einer Typ III hart eloxierten Oberfl\u00e4che, w\u00e4rmebehandeltem legiertem Stahl mit einer Manganphosphat-Oberfl\u00e4che hergestellt. Inklusive Befestigungsmaterial. Nur in schwarz erh\u00e4ltlich.<\/p>\n<p>L\u00e4nge: 97.3 mm<br \/>\nGewicht: 139 g<\/p>\n","protected":false},"featured_media":3678,"template":"","meta":[],"product_brand":[],"product_cat":[247,402,405,407],"product_tag":[],"class_list":{"0":"post-3692","1":"product","2":"type-product","3":"status-publish","4":"has-post-thumbnail","6":"product_cat-schiesssportzubehor","7":"product_cat-zweibeinstative-und-einbeinstative","8":"product_cat-zubehoer-zweibeinstative-und-einbeinstative","9":"product_cat-fuer-zweibeinstative","11":"first","12":"instock","13":"shipping-taxable","14":"purchasable","15":"product-type-simple"},"_links":{"self":[{"href":"https:\/\/bullet24.pro\/de\/wp-json\/wp\/v2\/product\/3692","targetHints":{"allow":["GET"]}}],"collection":[{"href":"https:\/\/bullet24.pro\/de\/wp-json\/wp\/v2\/product"}],"about":[{"href":"https:\/\/bullet24.pro\/de\/wp-json\/wp\/v2\/types\/product"}],"wp:featuredmedia":[{"embeddable":true,"href":"https:\/\/bullet24.pro\/de\/wp-json\/wp\/v2\/media\/3678"}],"wp:attachment":[{"href":"https:\/\/bullet24.pro\/de\/wp-json\/wp\/v2\/media?parent=3692"}],"wp:term":[{"taxonomy":"product_brand","embeddable":true,"href":"https:\/\/bullet24.pro\/de\/wp-json\/wp\/v2\/product_brand?post=3692"},{"taxonomy":"product_cat","embeddable":true,"href":"https:\/\/bullet24.pro\/de\/wp-json\/wp\/v2\/product_cat?post=3692"},{"taxonomy":"product_tag","embeddable":true,"href":"https:\/\/bullet24.pro\/de\/wp-json\/wp\/v2\/product_tag?post=3692"}],"curies":[{"name":"wp","href":"https:\/\/api.w.org\/{rel}","templated":true}]}}