{"id":3722,"date":"2023-01-25T10:30:17","date_gmt":"2023-01-25T10:30:17","guid":{"rendered":"https:\/\/bullet24.pro\/?post_type=product&#038;p=3722"},"modified":"2025-11-20T08:11:23","modified_gmt":"2025-11-20T08:11:23","slug":"bt30-r-ranger-green-atlas-bipod-pouch","status":"publish","type":"product","link":"https:\/\/bullet24.pro\/de\/product\/bt30-r-ranger-green-atlas-bipod-pouch\/","title":{"rendered":"B&#038;T Industries &#8211; BT30-R: Ranger Green Atlas Bipod Pouch"},"content":{"rendered":"","protected":false},"excerpt":{"rendered":"<p>Die B&amp;T Industries &#8211; BT30-R Ranger Green Atlas Bipod Pouch ist f\u00fcr alle Atlas-Zweibeine der Modelle B&amp;T Industries &#8211; V8, Standard PSR und CAL geeignet. Sie bieten eine Tasche f\u00fcr die B&amp;T Industries &#8211; Atlas Beinverl\u00e4ngerungen und eine weitere f\u00fcr optionale B&amp;T Industries &#8211; Atlas F\u00fc\u00dfe.<\/p>\n<p>Sie nimmt NICHT die Modelle B&amp;T Industries &#8211; 5-H, Super CAL oder Tall PSR\/CAL auf.<\/p>\n<p>Hergestellt aus 1000 Denier Korder-Nylon. Auch in Coyote Brown und Black erh\u00e4ltlich.<\/p>\n<p>Gewicht: 225 g<\/p>\n","protected":false},"featured_media":3711,"template":"","meta":[],"product_brand":[],"product_cat":[247,402,405,407],"product_tag":[],"class_list":{"0":"post-3722","1":"product","2":"type-product","3":"status-publish","4":"has-post-thumbnail","6":"product_cat-schiesssportzubehor","7":"product_cat-zweibeinstative-und-einbeinstative","8":"product_cat-zubehoer-zweibeinstative-und-einbeinstative","9":"product_cat-fuer-zweibeinstative","11":"first","12":"instock","13":"shipping-taxable","14":"purchasable","15":"product-type-simple"},"_links":{"self":[{"href":"https:\/\/bullet24.pro\/de\/wp-json\/wp\/v2\/product\/3722","targetHints":{"allow":["GET"]}}],"collection":[{"href":"https:\/\/bullet24.pro\/de\/wp-json\/wp\/v2\/product"}],"about":[{"href":"https:\/\/bullet24.pro\/de\/wp-json\/wp\/v2\/types\/product"}],"wp:featuredmedia":[{"embeddable":true,"href":"https:\/\/bullet24.pro\/de\/wp-json\/wp\/v2\/media\/3711"}],"wp:attachment":[{"href":"https:\/\/bullet24.pro\/de\/wp-json\/wp\/v2\/media?parent=3722"}],"wp:term":[{"taxonomy":"product_brand","embeddable":true,"href":"https:\/\/bullet24.pro\/de\/wp-json\/wp\/v2\/product_brand?post=3722"},{"taxonomy":"product_cat","embeddable":true,"href":"https:\/\/bullet24.pro\/de\/wp-json\/wp\/v2\/product_cat?post=3722"},{"taxonomy":"product_tag","embeddable":true,"href":"https:\/\/bullet24.pro\/de\/wp-json\/wp\/v2\/product_tag?post=3722"}],"curies":[{"name":"wp","href":"https:\/\/api.w.org\/{rel}","templated":true}]}}