{"id":3738,"date":"2023-01-25T10:38:08","date_gmt":"2023-01-25T10:38:08","guid":{"rendered":"https:\/\/bullet24.pro\/?post_type=product&#038;p=3738"},"modified":"2024-10-08T11:58:35","modified_gmt":"2024-10-08T11:58:35","slug":"bt30-b-black-atlas-bipod-pouch","status":"publish","type":"product","link":"https:\/\/bullet24.pro\/de\/product\/bt30-b-black-atlas-bipod-pouch\/","title":{"rendered":"B&#038;T Industries &#8211; BT30-B: Black Atlas Bipod Pouch"},"content":{"rendered":"","protected":false},"excerpt":{"rendered":"<p>Die B&amp;T Industries &#8211; BT30-B Black Atlas Bipod Pouch ist f\u00fcr alle B&amp;T Industries &#8211; V8, Standard PSR und CAL Modelle von Atlas Bipods geeignet. Sie bieten eine Tasche f\u00fcr die B&amp;T Industries &#8211; Atlas Beinverl\u00e4ngerungen und eine weitere f\u00fcr optionale B&amp;T Industries &#8211; Atlas F\u00fc\u00dfe.<\/p>\n<p>Es nimmt NICHT die B&amp;T Industries &#8211; 5-H, Super CAL oder Tall PSR\/Modelle auf.<\/p>\n<p>Hergestellt aus 1000 Denier Korder-Nylon. Auch in Coyote Brown und Ranger Green erh\u00e4ltlich.<\/p>\n<p>Gewicht: 225 g<\/p>\n","protected":false},"featured_media":3727,"template":"","meta":[],"product_brand":[],"product_cat":[247,402,405,407],"product_tag":[],"class_list":{"0":"post-3738","1":"product","2":"type-product","3":"status-publish","4":"has-post-thumbnail","6":"product_cat-schiesssportzubehor","7":"product_cat-zweibeinstative-und-einbeinstative","8":"product_cat-zubehoer-zweibeinstative-und-einbeinstative","9":"product_cat-fuer-zweibeinstative","11":"first","12":"onbackorder","13":"shipping-taxable","14":"purchasable","15":"product-type-simple"},"_links":{"self":[{"href":"https:\/\/bullet24.pro\/de\/wp-json\/wp\/v2\/product\/3738","targetHints":{"allow":["GET"]}}],"collection":[{"href":"https:\/\/bullet24.pro\/de\/wp-json\/wp\/v2\/product"}],"about":[{"href":"https:\/\/bullet24.pro\/de\/wp-json\/wp\/v2\/types\/product"}],"wp:featuredmedia":[{"embeddable":true,"href":"https:\/\/bullet24.pro\/de\/wp-json\/wp\/v2\/media\/3727"}],"wp:attachment":[{"href":"https:\/\/bullet24.pro\/de\/wp-json\/wp\/v2\/media?parent=3738"}],"wp:term":[{"taxonomy":"product_brand","embeddable":true,"href":"https:\/\/bullet24.pro\/de\/wp-json\/wp\/v2\/product_brand?post=3738"},{"taxonomy":"product_cat","embeddable":true,"href":"https:\/\/bullet24.pro\/de\/wp-json\/wp\/v2\/product_cat?post=3738"},{"taxonomy":"product_tag","embeddable":true,"href":"https:\/\/bullet24.pro\/de\/wp-json\/wp\/v2\/product_tag?post=3738"}],"curies":[{"name":"wp","href":"https:\/\/api.w.org\/{rel}","templated":true}]}}