{"id":3753,"date":"2023-01-25T10:44:18","date_gmt":"2023-01-25T10:44:18","guid":{"rendered":"https:\/\/bullet24.pro\/?post_type=product&#038;p=3753"},"modified":"2024-10-08T13:03:15","modified_gmt":"2024-10-08T13:03:15","slug":"bt80-m-lok-flush-cup-rail","status":"publish","type":"product","link":"https:\/\/bullet24.pro\/de\/product\/bt80-m-lok-flush-cup-rail\/","title":{"rendered":"B&#038;T Industries &#8211; BT80: M-LOK\u00ae Flush Cup Rail"},"content":{"rendered":"","protected":false},"excerpt":{"rendered":"<p>Die B&amp;T Industries &#8211; BT80 M-LOK\u00ae Flush Cup Schiene ist f\u00fcr die Verwendung mit allen M-LOK\u00ae kompatiblen Handsch\u00fctzern, Vordersch\u00e4ften und Hintersch\u00e4ften konzipiert. Sie verf\u00fcgt \u00fcber 5 nutzbare Schlitze und eine b\u00fcndige Schale, die die Verwendung von Flush Cup Riemenb\u00fcgeln erm\u00f6glicht (nicht im Lieferumfang enthalten). Die B&amp;T Industries &#8211; BT80 kann f\u00fcr die Befestigung eines unserer 1913 Picatinny-Schienen montierten B&amp;T Industries &#8211; Atlas-Zweibeine, B&amp;T Industries &#8211; Accu-Shot-Einbeinstative oder eines klappbaren Vordergriffs verwendet werden. F\u00fcr die Montage sind Schlitze in Standard-M-LOK\u00ae-Gr\u00f6\u00dfe erforderlich.<\/p>\n<p>Gefertigt aus 6061-T6 Aluminium und Typ III hart eloxiert. Er wird mit zwei 10-24 x 3\/8 Schrauben und zwei M-LOK\u00ae Muttern geliefert. Nur in schwarz erh\u00e4ltlich.<\/p>\n<p>L\u00e4nge: 73 mm<br \/>\nMitte-zu-Mitte: 40 mm<br \/>\nBreite: 21.2 mm<br \/>\nGewicht: 40 g<\/p>\n","protected":false},"featured_media":3742,"template":"","meta":[],"product_brand":[],"product_cat":[247,402,405,407],"product_tag":[],"class_list":{"0":"post-3753","1":"product","2":"type-product","3":"status-publish","4":"has-post-thumbnail","6":"product_cat-schiesssportzubehor","7":"product_cat-zweibeinstative-und-einbeinstative","8":"product_cat-zubehoer-zweibeinstative-und-einbeinstative","9":"product_cat-fuer-zweibeinstative","11":"first","12":"instock","13":"shipping-taxable","14":"purchasable","15":"product-type-simple"},"_links":{"self":[{"href":"https:\/\/bullet24.pro\/de\/wp-json\/wp\/v2\/product\/3753","targetHints":{"allow":["GET"]}}],"collection":[{"href":"https:\/\/bullet24.pro\/de\/wp-json\/wp\/v2\/product"}],"about":[{"href":"https:\/\/bullet24.pro\/de\/wp-json\/wp\/v2\/types\/product"}],"wp:featuredmedia":[{"embeddable":true,"href":"https:\/\/bullet24.pro\/de\/wp-json\/wp\/v2\/media\/3742"}],"wp:attachment":[{"href":"https:\/\/bullet24.pro\/de\/wp-json\/wp\/v2\/media?parent=3753"}],"wp:term":[{"taxonomy":"product_brand","embeddable":true,"href":"https:\/\/bullet24.pro\/de\/wp-json\/wp\/v2\/product_brand?post=3753"},{"taxonomy":"product_cat","embeddable":true,"href":"https:\/\/bullet24.pro\/de\/wp-json\/wp\/v2\/product_cat?post=3753"},{"taxonomy":"product_tag","embeddable":true,"href":"https:\/\/bullet24.pro\/de\/wp-json\/wp\/v2\/product_tag?post=3753"}],"curies":[{"name":"wp","href":"https:\/\/api.w.org\/{rel}","templated":true}]}}