{"id":3801,"date":"2023-01-25T12:54:34","date_gmt":"2023-01-25T12:54:34","guid":{"rendered":"https:\/\/bullet24.pro\/?post_type=product&#038;p=3801"},"modified":"2026-01-26T09:09:54","modified_gmt":"2026-01-26T09:09:54","slug":"ph01-sako-trg-42-22-20moa","status":"publish","type":"product","link":"https:\/\/bullet24.pro\/de\/product\/ph01-sako-trg-42-22-20moa\/","title":{"rendered":"Contessa Mounts PH01\/20 MOA \u2013 SAKO TRG 42\/22"},"content":{"rendered":"","protected":false},"excerpt":{"rendered":"<p>Contessa Mounts Picatinny-Schiene speziell entwickelt, um Sako TRG 22 &amp; 42 passen. Contessa Picatinny-Schienen aus geh\u00e4rtetem Stahl mit sind aus dem Vollen gefr\u00e4st, entworfen, um Stabilit\u00e4t und langfristige Best\u00e4ndigkeit zu garantieren. Erh\u00e4ltlich mit 0\/10\/20\/30 MOA. Schrauben und Schl\u00fcssel f\u00fcr die Montage mitgeliefert.<\/p>\n","protected":false},"featured_media":3799,"template":"","meta":[],"product_brand":[],"product_cat":[248,474,486,511],"product_tag":[],"class_list":{"0":"post-3801","1":"product","2":"type-product","3":"status-publish","4":"has-post-thumbnail","6":"product_cat-zielfernrohr-montagen","7":"product_cat-schiene","8":"product_cat-picatinny-de-2","9":"product_cat-zielfernrohre-picatinny-rails","11":"first","12":"onbackorder","13":"shipping-taxable","14":"purchasable","15":"product-type-simple"},"_links":{"self":[{"href":"https:\/\/bullet24.pro\/de\/wp-json\/wp\/v2\/product\/3801","targetHints":{"allow":["GET"]}}],"collection":[{"href":"https:\/\/bullet24.pro\/de\/wp-json\/wp\/v2\/product"}],"about":[{"href":"https:\/\/bullet24.pro\/de\/wp-json\/wp\/v2\/types\/product"}],"wp:featuredmedia":[{"embeddable":true,"href":"https:\/\/bullet24.pro\/de\/wp-json\/wp\/v2\/media\/3799"}],"wp:attachment":[{"href":"https:\/\/bullet24.pro\/de\/wp-json\/wp\/v2\/media?parent=3801"}],"wp:term":[{"taxonomy":"product_brand","embeddable":true,"href":"https:\/\/bullet24.pro\/de\/wp-json\/wp\/v2\/product_brand?post=3801"},{"taxonomy":"product_cat","embeddable":true,"href":"https:\/\/bullet24.pro\/de\/wp-json\/wp\/v2\/product_cat?post=3801"},{"taxonomy":"product_tag","embeddable":true,"href":"https:\/\/bullet24.pro\/de\/wp-json\/wp\/v2\/product_tag?post=3801"}],"curies":[{"name":"wp","href":"https:\/\/api.w.org\/{rel}","templated":true}]}}