{"id":4075,"date":"2023-01-26T12:23:53","date_gmt":"2023-01-26T12:23:53","guid":{"rendered":"https:\/\/bullet24.pro\/?post_type=product&#038;p=4075"},"modified":"2024-12-29T10:39:30","modified_gmt":"2024-12-29T10:39:30","slug":"ph39-sig-sauer-ssg-3000-20moa","status":"publish","type":"product","link":"https:\/\/bullet24.pro\/de\/product\/ph39-sig-sauer-ssg-3000-20moa\/","title":{"rendered":"Contessa Mounts PH39\/20 MOA \u2013 SIG SAUER SSG 3000"},"content":{"rendered":"","protected":false},"excerpt":{"rendered":"<p>Contessa Mounts Picatinny-Schiene speziell entwickelt, um SIG-Sauer SSG 3000 passen. Contessa Picatinny-Schienen aus geh\u00e4rtetem Stahl mit sind aus dem Vollen gefr\u00e4st, entworfen, um Stabilit\u00e4t und langfristigen Widerstand zu garantieren. Erh\u00e4ltlich mit 0 oder 20 MOA. Schrauben und Schl\u00fcssel f\u00fcr die Montage werden mitgeliefert.<\/p>\n","protected":false},"featured_media":4073,"template":"","meta":[],"product_brand":[],"product_cat":[248,474,486,511],"product_tag":[],"class_list":{"0":"post-4075","1":"product","2":"type-product","3":"status-publish","4":"has-post-thumbnail","6":"product_cat-zielfernrohr-montagen","7":"product_cat-schiene","8":"product_cat-picatinny-de-2","9":"product_cat-zielfernrohre-picatinny-rails","11":"first","12":"instock","13":"shipping-taxable","14":"purchasable","15":"product-type-simple"},"_links":{"self":[{"href":"https:\/\/bullet24.pro\/de\/wp-json\/wp\/v2\/product\/4075","targetHints":{"allow":["GET"]}}],"collection":[{"href":"https:\/\/bullet24.pro\/de\/wp-json\/wp\/v2\/product"}],"about":[{"href":"https:\/\/bullet24.pro\/de\/wp-json\/wp\/v2\/types\/product"}],"wp:featuredmedia":[{"embeddable":true,"href":"https:\/\/bullet24.pro\/de\/wp-json\/wp\/v2\/media\/4073"}],"wp:attachment":[{"href":"https:\/\/bullet24.pro\/de\/wp-json\/wp\/v2\/media?parent=4075"}],"wp:term":[{"taxonomy":"product_brand","embeddable":true,"href":"https:\/\/bullet24.pro\/de\/wp-json\/wp\/v2\/product_brand?post=4075"},{"taxonomy":"product_cat","embeddable":true,"href":"https:\/\/bullet24.pro\/de\/wp-json\/wp\/v2\/product_cat?post=4075"},{"taxonomy":"product_tag","embeddable":true,"href":"https:\/\/bullet24.pro\/de\/wp-json\/wp\/v2\/product_tag?post=4075"}],"curies":[{"name":"wp","href":"https:\/\/api.w.org\/{rel}","templated":true}]}}