{"id":4209,"date":"2023-01-26T14:32:51","date_gmt":"2023-01-26T14:32:51","guid":{"rendered":"https:\/\/bullet24.pro\/?post_type=product&#038;p=4209"},"modified":"2026-02-25T10:46:29","modified_gmt":"2026-02-25T10:46:29","slug":"ph60-sauer-303","status":"publish","type":"product","link":"https:\/\/bullet24.pro\/de\/product\/ph60-sauer-303\/","title":{"rendered":"Contessa Mounts PH60 \u2013 SAUER 303"},"content":{"rendered":"","protected":false},"excerpt":{"rendered":"<p>Contessa Mounts Picatinny-Schiene speziell entwickelt, um Sauer 303 passen. Contessa Picatinny-Schienen aus geh\u00e4rtetem Stahl mit sind aus massivem, entworfen, um Stabilit\u00e4t und langfristige Best\u00e4ndigkeit zu gew\u00e4hrleisten bearbeitet. Erh\u00e4ltlich mit 0 oder 20 MOA. Schrauben und Schl\u00fcssel f\u00fcr die Montage geliefert.<\/p>\n","protected":false},"featured_media":4207,"template":"","meta":[],"product_brand":[],"product_cat":[248,474,486,511],"product_tag":[],"class_list":{"0":"post-4209","1":"product","2":"type-product","3":"status-publish","4":"has-post-thumbnail","6":"product_cat-zielfernrohr-montagen","7":"product_cat-schiene","8":"product_cat-picatinny-de-2","9":"product_cat-zielfernrohre-picatinny-rails","11":"first","12":"onbackorder","13":"shipping-taxable","14":"purchasable","15":"product-type-simple"},"_links":{"self":[{"href":"https:\/\/bullet24.pro\/de\/wp-json\/wp\/v2\/product\/4209","targetHints":{"allow":["GET"]}}],"collection":[{"href":"https:\/\/bullet24.pro\/de\/wp-json\/wp\/v2\/product"}],"about":[{"href":"https:\/\/bullet24.pro\/de\/wp-json\/wp\/v2\/types\/product"}],"wp:featuredmedia":[{"embeddable":true,"href":"https:\/\/bullet24.pro\/de\/wp-json\/wp\/v2\/media\/4207"}],"wp:attachment":[{"href":"https:\/\/bullet24.pro\/de\/wp-json\/wp\/v2\/media?parent=4209"}],"wp:term":[{"taxonomy":"product_brand","embeddable":true,"href":"https:\/\/bullet24.pro\/de\/wp-json\/wp\/v2\/product_brand?post=4209"},{"taxonomy":"product_cat","embeddable":true,"href":"https:\/\/bullet24.pro\/de\/wp-json\/wp\/v2\/product_cat?post=4209"},{"taxonomy":"product_tag","embeddable":true,"href":"https:\/\/bullet24.pro\/de\/wp-json\/wp\/v2\/product_tag?post=4209"}],"curies":[{"name":"wp","href":"https:\/\/api.w.org\/{rel}","templated":true}]}}