{"id":4258,"date":"2023-01-26T15:25:00","date_gmt":"2023-01-26T15:25:00","guid":{"rendered":"https:\/\/bullet24.pro\/?post_type=product&#038;p=4258"},"modified":"2024-10-07T10:07:50","modified_gmt":"2024-10-07T10:07:50","slug":"ph69-fair-cf1","status":"publish","type":"product","link":"https:\/\/bullet24.pro\/de\/product\/ph69-fair-cf1\/","title":{"rendered":"Contessa Mounts PH69 \u2013 FAIR CF1"},"content":{"rendered":"","protected":false},"excerpt":{"rendered":"<p>Contessa Mounts Picatinny-Schiene speziell entwickelt, um Fair CF1 passen.<br \/>\nContessa Picatinny-Schienen in geh\u00e4rtetem Stahl mit sind aus dem Vollen gefr\u00e4st, entworfen, um Stabilit\u00e4t und langfristige Best\u00e4ndigkeit zu gew\u00e4hrleisten.<br \/>\nErh\u00e4ltlich mit 0 oder 20 MOA.<br \/>\nSchrauben und Schl\u00fcssel f\u00fcr die Montage werden mitgeliefert<\/p>\n","protected":false},"featured_media":4256,"template":"","meta":[],"product_brand":[],"product_cat":[248,474,486,511],"product_tag":[],"class_list":{"0":"post-4258","1":"product","2":"type-product","3":"status-publish","4":"has-post-thumbnail","6":"product_cat-zielfernrohr-montagen","7":"product_cat-schiene","8":"product_cat-picatinny-de-2","9":"product_cat-zielfernrohre-picatinny-rails","11":"first","12":"onbackorder","13":"shipping-taxable","14":"purchasable","15":"product-type-simple"},"_links":{"self":[{"href":"https:\/\/bullet24.pro\/de\/wp-json\/wp\/v2\/product\/4258","targetHints":{"allow":["GET"]}}],"collection":[{"href":"https:\/\/bullet24.pro\/de\/wp-json\/wp\/v2\/product"}],"about":[{"href":"https:\/\/bullet24.pro\/de\/wp-json\/wp\/v2\/types\/product"}],"wp:featuredmedia":[{"embeddable":true,"href":"https:\/\/bullet24.pro\/de\/wp-json\/wp\/v2\/media\/4256"}],"wp:attachment":[{"href":"https:\/\/bullet24.pro\/de\/wp-json\/wp\/v2\/media?parent=4258"}],"wp:term":[{"taxonomy":"product_brand","embeddable":true,"href":"https:\/\/bullet24.pro\/de\/wp-json\/wp\/v2\/product_brand?post=4258"},{"taxonomy":"product_cat","embeddable":true,"href":"https:\/\/bullet24.pro\/de\/wp-json\/wp\/v2\/product_cat?post=4258"},{"taxonomy":"product_tag","embeddable":true,"href":"https:\/\/bullet24.pro\/de\/wp-json\/wp\/v2\/product_tag?post=4258"}],"curies":[{"name":"wp","href":"https:\/\/api.w.org\/{rel}","templated":true}]}}