{"id":4466,"date":"2023-01-26T19:20:50","date_gmt":"2023-01-26T19:20:50","guid":{"rendered":"https:\/\/bullet24.pro\/?post_type=product&#038;p=4466"},"modified":"2024-10-07T08:06:14","modified_gmt":"2024-10-07T08:06:14","slug":"ph08-nv-sabatti-short-nv","status":"publish","type":"product","link":"https:\/\/bullet24.pro\/de\/product\/ph08-nv-sabatti-short-nv\/","title":{"rendered":"Contessa Mounts PH08-NV \u2013 SABATTI SHORT NV"},"content":{"rendered":"","protected":false},"excerpt":{"rendered":"<p>Contessa Mounts Picatinny-Schiene, die speziell f\u00fcr die Montage auf Sabatti Short entwickelt wurde.<br \/>\nContessa Mounts Picatinny-Schienen aus geh\u00e4rtetem Stahl sind aus dem Vollen gefr\u00e4st, entworfen, um Stabilit\u00e4t und langfristigen Widerstand zu garantieren.<br \/>\n60 mm Verl\u00e4ngerung f\u00fcr die Montage von W\u00e4rmebildger\u00e4ten oder Nachtsichtger\u00e4ten.<br \/>\nSchrauben und Schl\u00fcssel f\u00fcr die Montage werden mitgeliefert<\/p>\n","protected":false},"featured_media":4464,"template":"","meta":[],"product_brand":[],"product_cat":[248,474,486,510],"product_tag":[],"class_list":{"0":"post-4466","1":"product","2":"type-product","3":"status-publish","4":"has-post-thumbnail","6":"product_cat-zielfernrohr-montagen","7":"product_cat-schiene","8":"product_cat-picatinny-de-2","9":"product_cat-nachtsicht-und-waermebildgeraete","11":"first","12":"onbackorder","13":"shipping-taxable","14":"purchasable","15":"product-type-simple"},"_links":{"self":[{"href":"https:\/\/bullet24.pro\/de\/wp-json\/wp\/v2\/product\/4466","targetHints":{"allow":["GET"]}}],"collection":[{"href":"https:\/\/bullet24.pro\/de\/wp-json\/wp\/v2\/product"}],"about":[{"href":"https:\/\/bullet24.pro\/de\/wp-json\/wp\/v2\/types\/product"}],"wp:featuredmedia":[{"embeddable":true,"href":"https:\/\/bullet24.pro\/de\/wp-json\/wp\/v2\/media\/4464"}],"wp:attachment":[{"href":"https:\/\/bullet24.pro\/de\/wp-json\/wp\/v2\/media?parent=4466"}],"wp:term":[{"taxonomy":"product_brand","embeddable":true,"href":"https:\/\/bullet24.pro\/de\/wp-json\/wp\/v2\/product_brand?post=4466"},{"taxonomy":"product_cat","embeddable":true,"href":"https:\/\/bullet24.pro\/de\/wp-json\/wp\/v2\/product_cat?post=4466"},{"taxonomy":"product_tag","embeddable":true,"href":"https:\/\/bullet24.pro\/de\/wp-json\/wp\/v2\/product_tag?post=4466"}],"curies":[{"name":"wp","href":"https:\/\/api.w.org\/{rel}","templated":true}]}}