{"id":4472,"date":"2023-01-26T19:25:45","date_gmt":"2023-01-26T19:25:45","guid":{"rendered":"https:\/\/bullet24.pro\/?post_type=product&#038;p=4472"},"modified":"2024-10-07T08:12:12","modified_gmt":"2024-10-07T08:12:12","slug":"ph12-nv-sako-85-s-sm-nv","status":"publish","type":"product","link":"https:\/\/bullet24.pro\/de\/product\/ph12-nv-sako-85-s-sm-nv\/","title":{"rendered":"Contessa Mounts PH12-NV \u2013 SAKO 85 S\/SM NV"},"content":{"rendered":"","protected":false},"excerpt":{"rendered":"<p>Contessa Mounts Picatinny-Schiene, die speziell f\u00fcr die Sako 85 S\/SM entwickelt wurde.<br \/>\nContessa Mounts Picatinny-Schienen aus geh\u00e4rtetem Stahl sind aus dem Vollen gefr\u00e4st, um Stabilit\u00e4t und langfristige Best\u00e4ndigkeit zu gew\u00e4hrleisten.<br \/>\n60 mm hintere Verl\u00e4ngerung zur Montage von W\u00e4rmebildger\u00e4ten oder Nachtsichtger\u00e4ten.<br \/>\nSchrauben und Schl\u00fcssel f\u00fcr die Montage werden mitgeliefert<\/p>\n","protected":false},"featured_media":4470,"template":"","meta":[],"product_brand":[],"product_cat":[248,474,486,510],"product_tag":[],"class_list":{"0":"post-4472","1":"product","2":"type-product","3":"status-publish","4":"has-post-thumbnail","6":"product_cat-zielfernrohr-montagen","7":"product_cat-schiene","8":"product_cat-picatinny-de-2","9":"product_cat-nachtsicht-und-waermebildgeraete","11":"first","12":"onbackorder","13":"shipping-taxable","14":"purchasable","15":"product-type-simple"},"_links":{"self":[{"href":"https:\/\/bullet24.pro\/de\/wp-json\/wp\/v2\/product\/4472","targetHints":{"allow":["GET"]}}],"collection":[{"href":"https:\/\/bullet24.pro\/de\/wp-json\/wp\/v2\/product"}],"about":[{"href":"https:\/\/bullet24.pro\/de\/wp-json\/wp\/v2\/types\/product"}],"wp:featuredmedia":[{"embeddable":true,"href":"https:\/\/bullet24.pro\/de\/wp-json\/wp\/v2\/media\/4470"}],"wp:attachment":[{"href":"https:\/\/bullet24.pro\/de\/wp-json\/wp\/v2\/media?parent=4472"}],"wp:term":[{"taxonomy":"product_brand","embeddable":true,"href":"https:\/\/bullet24.pro\/de\/wp-json\/wp\/v2\/product_brand?post=4472"},{"taxonomy":"product_cat","embeddable":true,"href":"https:\/\/bullet24.pro\/de\/wp-json\/wp\/v2\/product_cat?post=4472"},{"taxonomy":"product_tag","embeddable":true,"href":"https:\/\/bullet24.pro\/de\/wp-json\/wp\/v2\/product_tag?post=4472"}],"curies":[{"name":"wp","href":"https:\/\/api.w.org\/{rel}","templated":true}]}}