{"id":4484,"date":"2023-01-26T19:34:45","date_gmt":"2023-01-26T19:34:45","guid":{"rendered":"https:\/\/bullet24.pro\/?post_type=product&#038;p=4484"},"modified":"2024-10-07T08:20:57","modified_gmt":"2024-10-07T08:20:57","slug":"ph14-nv-sako-85-l-xl-nv","status":"publish","type":"product","link":"https:\/\/bullet24.pro\/de\/product\/ph14-nv-sako-85-l-xl-nv\/","title":{"rendered":"Contessa Mounts PH14-NV \u2013 SAKO 85 L\/XL NV"},"content":{"rendered":"","protected":false},"excerpt":{"rendered":"<p>Contessa Mounts Picatinny-Schiene speziell entwickelt, um auf Sako 85 L\/XL passen.<br \/>\nContessa Mounts Picatinny-Schienen aus geh\u00e4rtetem Stahl sind aus dem Vollen gefr\u00e4st, um Stabilit\u00e4t und langfristige Best\u00e4ndigkeit zu gew\u00e4hrleisten.<br \/>\n60 mm Verl\u00e4ngerung hinten zur Montage von W\u00e4rmebild- oder Nachtsichtger\u00e4ten.<br \/>\nSchrauben und Schl\u00fcssel f\u00fcr die Montage werden mitgeliefert<\/p>\n","protected":false},"featured_media":4482,"template":"","meta":[],"product_brand":[],"product_cat":[248,474,486,510],"product_tag":[],"class_list":{"0":"post-4484","1":"product","2":"type-product","3":"status-publish","4":"has-post-thumbnail","6":"product_cat-zielfernrohr-montagen","7":"product_cat-schiene","8":"product_cat-picatinny-de-2","9":"product_cat-nachtsicht-und-waermebildgeraete","11":"first","12":"onbackorder","13":"shipping-taxable","14":"purchasable","15":"product-type-simple"},"_links":{"self":[{"href":"https:\/\/bullet24.pro\/de\/wp-json\/wp\/v2\/product\/4484","targetHints":{"allow":["GET"]}}],"collection":[{"href":"https:\/\/bullet24.pro\/de\/wp-json\/wp\/v2\/product"}],"about":[{"href":"https:\/\/bullet24.pro\/de\/wp-json\/wp\/v2\/types\/product"}],"wp:featuredmedia":[{"embeddable":true,"href":"https:\/\/bullet24.pro\/de\/wp-json\/wp\/v2\/media\/4482"}],"wp:attachment":[{"href":"https:\/\/bullet24.pro\/de\/wp-json\/wp\/v2\/media?parent=4484"}],"wp:term":[{"taxonomy":"product_brand","embeddable":true,"href":"https:\/\/bullet24.pro\/de\/wp-json\/wp\/v2\/product_brand?post=4484"},{"taxonomy":"product_cat","embeddable":true,"href":"https:\/\/bullet24.pro\/de\/wp-json\/wp\/v2\/product_cat?post=4484"},{"taxonomy":"product_tag","embeddable":true,"href":"https:\/\/bullet24.pro\/de\/wp-json\/wp\/v2\/product_tag?post=4484"}],"curies":[{"name":"wp","href":"https:\/\/api.w.org\/{rel}","templated":true}]}}