{"id":4576,"date":"2023-01-26T20:35:14","date_gmt":"2023-01-26T20:35:14","guid":{"rendered":"https:\/\/bullet24.pro\/?post_type=product&#038;p=4576"},"modified":"2025-04-14T07:59:47","modified_gmt":"2025-04-14T07:59:47","slug":"ph70-nv-merkel-helix-sabatti-saphire-nv","status":"publish","type":"product","link":"https:\/\/bullet24.pro\/de\/product\/ph70-nv-merkel-helix-sabatti-saphire-nv\/","title":{"rendered":"Contessa Mounts PH70 NV \u2013 MERKEL HELIX \u2013 SABATTI SAPHIRE &#038; NEW ROVER \u2013 SAKO S20 \u2013 CZ 600"},"content":{"rendered":"","protected":false},"excerpt":{"rendered":"<p>Contessa Mounts Picatinny-Schiene speziell f\u00fcr Merkel Helix, Sabatti Saphire &amp; New Rover, Sako S20, CZ 600, Picatinny on Picatinny.<br \/>\nContessa Picatinny-Schienen aus geh\u00e4rtetem Stahl sind aus dem Vollen gefr\u00e4st, um Stabilit\u00e4t und langfristige Best\u00e4ndigkeit zu gew\u00e4hrleisten.<br \/>\n60 mm hintere Verl\u00e4ngerung <strong>zur Montage von W\u00e4rmebild- oder Nachtsichtger\u00e4ten.<\/strong><br \/>\nSchrauben und Schl\u00fcssel f\u00fcr die Montage werden mitgeliefert<\/p>\n","protected":false},"featured_media":4574,"template":"","meta":[],"product_brand":[],"product_cat":[248,474,486,510],"product_tag":[],"class_list":{"0":"post-4576","1":"product","2":"type-product","3":"status-publish","4":"has-post-thumbnail","6":"product_cat-zielfernrohr-montagen","7":"product_cat-schiene","8":"product_cat-picatinny-de-2","9":"product_cat-nachtsicht-und-waermebildgeraete","11":"first","12":"onbackorder","13":"shipping-taxable","14":"purchasable","15":"product-type-simple"},"_links":{"self":[{"href":"https:\/\/bullet24.pro\/de\/wp-json\/wp\/v2\/product\/4576","targetHints":{"allow":["GET"]}}],"collection":[{"href":"https:\/\/bullet24.pro\/de\/wp-json\/wp\/v2\/product"}],"about":[{"href":"https:\/\/bullet24.pro\/de\/wp-json\/wp\/v2\/types\/product"}],"wp:featuredmedia":[{"embeddable":true,"href":"https:\/\/bullet24.pro\/de\/wp-json\/wp\/v2\/media\/4574"}],"wp:attachment":[{"href":"https:\/\/bullet24.pro\/de\/wp-json\/wp\/v2\/media?parent=4576"}],"wp:term":[{"taxonomy":"product_brand","embeddable":true,"href":"https:\/\/bullet24.pro\/de\/wp-json\/wp\/v2\/product_brand?post=4576"},{"taxonomy":"product_cat","embeddable":true,"href":"https:\/\/bullet24.pro\/de\/wp-json\/wp\/v2\/product_cat?post=4576"},{"taxonomy":"product_tag","embeddable":true,"href":"https:\/\/bullet24.pro\/de\/wp-json\/wp\/v2\/product_tag?post=4576"}],"curies":[{"name":"wp","href":"https:\/\/api.w.org\/{rel}","templated":true}]}}