{"id":5060,"date":"2023-01-28T16:02:42","date_gmt":"2023-01-28T16:02:42","guid":{"rendered":"https:\/\/bullet24.pro\/?post_type=product&#038;p=5060"},"modified":"2025-08-13T14:53:27","modified_gmt":"2025-08-13T14:53:27","slug":"str02-a-tactical-rings-hp-oe30mm","status":"publish","type":"product","link":"https:\/\/bullet24.pro\/de\/product\/str02-a-tactical-rings-hp-oe30mm\/","title":{"rendered":"Contessa Mounts STR02\/A \u2013 TACTICAL RINGS HP \u00f830mm"},"content":{"rendered":"","protected":false},"excerpt":{"rendered":"<p>Contessa Mounts Hochleistungsringe f\u00fcr Picatinny-Schienen, entwickelt und konstruiert f\u00fcr Wettkampf und taktisches Schie\u00dfen. Mit Wasserwaage zur perfekten Ausrichtung auf die Waffe. \u00f8 30 mm<\/p>\n","protected":false},"featured_media":5974,"template":"","meta":[],"product_brand":[],"product_cat":[248,473,484,508,483,501],"product_tag":[],"class_list":{"0":"post-5060","1":"product","2":"type-product","3":"status-publish","4":"has-post-thumbnail","6":"product_cat-zielfernrohr-montagen","7":"product_cat-ringe","8":"product_cat-durchmesse","9":"product_cat-30-mm-de","10":"product_cat-picatinny-weaver-de","11":"product_cat-str-tactical-de","13":"first","14":"instock","15":"shipping-taxable","16":"purchasable","17":"product-type-simple"},"_links":{"self":[{"href":"https:\/\/bullet24.pro\/de\/wp-json\/wp\/v2\/product\/5060","targetHints":{"allow":["GET"]}}],"collection":[{"href":"https:\/\/bullet24.pro\/de\/wp-json\/wp\/v2\/product"}],"about":[{"href":"https:\/\/bullet24.pro\/de\/wp-json\/wp\/v2\/types\/product"}],"wp:featuredmedia":[{"embeddable":true,"href":"https:\/\/bullet24.pro\/de\/wp-json\/wp\/v2\/media\/5974"}],"wp:attachment":[{"href":"https:\/\/bullet24.pro\/de\/wp-json\/wp\/v2\/media?parent=5060"}],"wp:term":[{"taxonomy":"product_brand","embeddable":true,"href":"https:\/\/bullet24.pro\/de\/wp-json\/wp\/v2\/product_brand?post=5060"},{"taxonomy":"product_cat","embeddable":true,"href":"https:\/\/bullet24.pro\/de\/wp-json\/wp\/v2\/product_cat?post=5060"},{"taxonomy":"product_tag","embeddable":true,"href":"https:\/\/bullet24.pro\/de\/wp-json\/wp\/v2\/product_tag?post=5060"}],"curies":[{"name":"wp","href":"https:\/\/api.w.org\/{rel}","templated":true}]}}