{"id":5065,"date":"2023-01-28T16:09:32","date_gmt":"2023-01-28T16:09:32","guid":{"rendered":"https:\/\/bullet24.pro\/?post_type=product&#038;p=5065"},"modified":"2025-12-18T15:44:06","modified_gmt":"2025-12-18T15:44:06","slug":"str03-a-tactical-rings-hp-oe34mm","status":"publish","type":"product","link":"https:\/\/bullet24.pro\/de\/product\/str03-a-tactical-rings-hp-oe34mm\/","title":{"rendered":"Contessa Mounts STR03\/A \u2013 TACTICAL RINGS HP \u00f834mm"},"content":{"rendered":"","protected":false},"excerpt":{"rendered":"<p>Contessa Mounts Hochleistungsringe f\u00fcr Picatinny-Schienen, entwickelt und konstruiert f\u00fcr Wettkampf und taktisches Schie\u00dfen. Mit Wasserwaage zur perfekten Ausrichtung auf die Waffe. \u00f8 34 mm<\/p>\n","protected":false},"featured_media":5974,"template":"","meta":[],"product_brand":[],"product_cat":[248,473,484,507,483,501],"product_tag":[],"class_list":{"0":"post-5065","1":"product","2":"type-product","3":"status-publish","4":"has-post-thumbnail","6":"product_cat-zielfernrohr-montagen","7":"product_cat-ringe","8":"product_cat-durchmesse","9":"product_cat-34-mm-de","10":"product_cat-picatinny-weaver-de","11":"product_cat-str-tactical-de","13":"first","14":"instock","15":"shipping-taxable","16":"purchasable","17":"product-type-simple"},"_links":{"self":[{"href":"https:\/\/bullet24.pro\/de\/wp-json\/wp\/v2\/product\/5065","targetHints":{"allow":["GET"]}}],"collection":[{"href":"https:\/\/bullet24.pro\/de\/wp-json\/wp\/v2\/product"}],"about":[{"href":"https:\/\/bullet24.pro\/de\/wp-json\/wp\/v2\/types\/product"}],"wp:featuredmedia":[{"embeddable":true,"href":"https:\/\/bullet24.pro\/de\/wp-json\/wp\/v2\/media\/5974"}],"wp:attachment":[{"href":"https:\/\/bullet24.pro\/de\/wp-json\/wp\/v2\/media?parent=5065"}],"wp:term":[{"taxonomy":"product_brand","embeddable":true,"href":"https:\/\/bullet24.pro\/de\/wp-json\/wp\/v2\/product_brand?post=5065"},{"taxonomy":"product_cat","embeddable":true,"href":"https:\/\/bullet24.pro\/de\/wp-json\/wp\/v2\/product_cat?post=5065"},{"taxonomy":"product_tag","embeddable":true,"href":"https:\/\/bullet24.pro\/de\/wp-json\/wp\/v2\/product_tag?post=5065"}],"curies":[{"name":"wp","href":"https:\/\/api.w.org\/{rel}","templated":true}]}}