{"id":5074,"date":"2023-01-28T16:21:14","date_gmt":"2023-01-28T16:21:14","guid":{"rendered":"https:\/\/bullet24.pro\/?post_type=product&#038;p=5074"},"modified":"2025-09-08T15:44:05","modified_gmt":"2025-09-08T15:44:05","slug":"lpr02-a-light-picatinny-rings-oe-30mm-low","status":"publish","type":"product","link":"https:\/\/bullet24.pro\/de\/product\/lpr02-a-light-picatinny-rings-oe-30mm-low\/","title":{"rendered":"Contessa Mounts LPR02\/A \u2013 LIGHT PICATINNY RINGS \u00f8 30mm low"},"content":{"rendered":"","protected":false},"excerpt":{"rendered":"<p>Contessa Mounts Ein Paar feste Picatinny-Ringe. Aus dem Vollen gefr\u00e4st in allen ihren Teilen, die Leichtmetall-LPR-Ringe sind ultra-stark und stabil. Ausgestattet mit einem integrierten doppelten Anschlag R\u00fccksto\u00df und zwei Verschlussschrauben Torx 20. Gesamtgewicht des Paares: 96 g. \u00f8 30mm H 8 mm.<\/p>\n","protected":false},"featured_media":5841,"template":"","meta":[],"product_brand":[],"product_cat":[248,473,484,508,483,503],"product_tag":[],"class_list":{"0":"post-5074","1":"product","2":"type-product","3":"status-publish","4":"has-post-thumbnail","6":"product_cat-zielfernrohr-montagen","7":"product_cat-ringe","8":"product_cat-durchmesse","9":"product_cat-30-mm-de","10":"product_cat-picatinny-weaver-de","11":"product_cat-lpr-light-de","13":"first","14":"instock","15":"shipping-taxable","16":"purchasable","17":"product-type-simple"},"_links":{"self":[{"href":"https:\/\/bullet24.pro\/de\/wp-json\/wp\/v2\/product\/5074","targetHints":{"allow":["GET"]}}],"collection":[{"href":"https:\/\/bullet24.pro\/de\/wp-json\/wp\/v2\/product"}],"about":[{"href":"https:\/\/bullet24.pro\/de\/wp-json\/wp\/v2\/types\/product"}],"wp:featuredmedia":[{"embeddable":true,"href":"https:\/\/bullet24.pro\/de\/wp-json\/wp\/v2\/media\/5841"}],"wp:attachment":[{"href":"https:\/\/bullet24.pro\/de\/wp-json\/wp\/v2\/media?parent=5074"}],"wp:term":[{"taxonomy":"product_brand","embeddable":true,"href":"https:\/\/bullet24.pro\/de\/wp-json\/wp\/v2\/product_brand?post=5074"},{"taxonomy":"product_cat","embeddable":true,"href":"https:\/\/bullet24.pro\/de\/wp-json\/wp\/v2\/product_cat?post=5074"},{"taxonomy":"product_tag","embeddable":true,"href":"https:\/\/bullet24.pro\/de\/wp-json\/wp\/v2\/product_tag?post=5074"}],"curies":[{"name":"wp","href":"https:\/\/api.w.org\/{rel}","templated":true}]}}