{"id":5098,"date":"2023-01-28T17:05:08","date_gmt":"2023-01-28T17:05:08","guid":{"rendered":"https:\/\/bullet24.pro\/?post_type=product&#038;p=5098"},"modified":"2024-10-07T11:34:41","modified_gmt":"2024-10-07T11:34:41","slug":"lpr05-a-light-picatinny-rings-oe36mm-low","status":"publish","type":"product","link":"https:\/\/bullet24.pro\/de\/product\/lpr05-a-light-picatinny-rings-oe36mm-low\/","title":{"rendered":"Contessa Mounts LPR05\/A \u2013 LIGHT PICATINNY RINGS \u00f836mm low"},"content":{"rendered":"","protected":false},"excerpt":{"rendered":"<p>Contessa Mounts Ein Paar feste Picatinny-Ringe. Aus dem Vollen gefr\u00e4st in allen ihren Teilen, die Leichtmetall-LPR-Ringe sind ultra-stark und stabil. Ausgestattet mit einem integrierten doppelten Anschlag R\u00fccksto\u00df und zwei Sicherungsschrauben Torx 20. Gesamtgewicht des Paares: 96 g. \u00f8 36mm H 8 mm.<\/p>\n","protected":false},"featured_media":5817,"template":"","meta":[],"product_brand":[],"product_cat":[248,473,484,505,483,503],"product_tag":[],"class_list":{"0":"post-5098","1":"product","2":"type-product","3":"status-publish","4":"has-post-thumbnail","6":"product_cat-zielfernrohr-montagen","7":"product_cat-ringe","8":"product_cat-durchmesse","9":"product_cat-36-mm-de","10":"product_cat-picatinny-weaver-de","11":"product_cat-lpr-light-de","13":"first","14":"instock","15":"shipping-taxable","16":"purchasable","17":"product-type-simple"},"_links":{"self":[{"href":"https:\/\/bullet24.pro\/de\/wp-json\/wp\/v2\/product\/5098","targetHints":{"allow":["GET"]}}],"collection":[{"href":"https:\/\/bullet24.pro\/de\/wp-json\/wp\/v2\/product"}],"about":[{"href":"https:\/\/bullet24.pro\/de\/wp-json\/wp\/v2\/types\/product"}],"wp:featuredmedia":[{"embeddable":true,"href":"https:\/\/bullet24.pro\/de\/wp-json\/wp\/v2\/media\/5817"}],"wp:attachment":[{"href":"https:\/\/bullet24.pro\/de\/wp-json\/wp\/v2\/media?parent=5098"}],"wp:term":[{"taxonomy":"product_brand","embeddable":true,"href":"https:\/\/bullet24.pro\/de\/wp-json\/wp\/v2\/product_brand?post=5098"},{"taxonomy":"product_cat","embeddable":true,"href":"https:\/\/bullet24.pro\/de\/wp-json\/wp\/v2\/product_cat?post=5098"},{"taxonomy":"product_tag","embeddable":true,"href":"https:\/\/bullet24.pro\/de\/wp-json\/wp\/v2\/product_tag?post=5098"}],"curies":[{"name":"wp","href":"https:\/\/api.w.org\/{rel}","templated":true}]}}