{"id":5268,"date":"2023-02-01T16:17:44","date_gmt":"2023-02-01T16:17:44","guid":{"rendered":"https:\/\/bullet24.pro\/?post_type=product&#038;p=5268"},"modified":"2025-07-31T15:47:48","modified_gmt":"2025-07-31T15:47:48","slug":"sbb02-simple-black-bls-std","status":"publish","type":"product","link":"https:\/\/bullet24.pro\/de\/product\/sbb02-simple-black-bls-std\/","title":{"rendered":"Contessa Mounts SBB02 \u2013 SIMPLE BLACK BLS STD"},"content":{"rendered":"","protected":false},"excerpt":{"rendered":"<p>Contessa Mounts QD-Montage <strong>kompatibel mit Blaser Gewehren<\/strong>. Von Contessa Mounts patentiertes Schnellverschlusssystem, das die R\u00fcckkehr zum Nullpunkt zwischen zwei Verschl\u00fcssen garantiert.<\/p>\n<p><strong>Es k\u00f6nnen Ringe mit verschiedenen Durchmessern und H\u00f6hen montiert werden: \u00f8 1\u2033, 30 mm, 34 mm, 35 mm (Auf Anfrage), 36 mm, 40 mm. Niedrig, mittel oder hoch. Beim Bestellen anzugeben.<\/strong><\/p>\n","protected":false},"featured_media":5808,"template":"","meta":[],"product_brand":[],"product_cat":[248,472,479,490],"product_tag":[],"class_list":{"0":"post-5268","1":"product","2":"type-product","3":"status-publish","4":"has-post-thumbnail","6":"product_cat-zielfernrohr-montagen","7":"product_cat-complete-mounts-de","8":"product_cat-for-blaser-rifles-de","9":"product_cat-schnellverschluss-fuer-zf-blaser","11":"first","12":"instock","13":"shipping-taxable","14":"purchasable","15":"product-type-simple"},"_links":{"self":[{"href":"https:\/\/bullet24.pro\/de\/wp-json\/wp\/v2\/product\/5268","targetHints":{"allow":["GET"]}}],"collection":[{"href":"https:\/\/bullet24.pro\/de\/wp-json\/wp\/v2\/product"}],"about":[{"href":"https:\/\/bullet24.pro\/de\/wp-json\/wp\/v2\/types\/product"}],"wp:featuredmedia":[{"embeddable":true,"href":"https:\/\/bullet24.pro\/de\/wp-json\/wp\/v2\/media\/5808"}],"wp:attachment":[{"href":"https:\/\/bullet24.pro\/de\/wp-json\/wp\/v2\/media?parent=5268"}],"wp:term":[{"taxonomy":"product_brand","embeddable":true,"href":"https:\/\/bullet24.pro\/de\/wp-json\/wp\/v2\/product_brand?post=5268"},{"taxonomy":"product_cat","embeddable":true,"href":"https:\/\/bullet24.pro\/de\/wp-json\/wp\/v2\/product_cat?post=5268"},{"taxonomy":"product_tag","embeddable":true,"href":"https:\/\/bullet24.pro\/de\/wp-json\/wp\/v2\/product_tag?post=5268"}],"curies":[{"name":"wp","href":"https:\/\/api.w.org\/{rel}","templated":true}]}}