{"id":5307,"date":"2023-02-01T17:19:57","date_gmt":"2023-02-01T17:19:57","guid":{"rendered":"https:\/\/bullet24.pro\/?post_type=product&#038;p=5307"},"modified":"2024-10-06T18:34:39","modified_gmt":"2024-10-06T18:34:39","slug":"sbb15-simple-black-bls-thunder","status":"publish","type":"product","link":"https:\/\/bullet24.pro\/de\/product\/sbb15-simple-black-bls-thunder\/","title":{"rendered":"Contessa Mounts SBB15 \u2013 SIMPLE BLACK BLS THUNDER"},"content":{"rendered":"","protected":false},"excerpt":{"rendered":"<p>Contessa Mounts QD-Montage f\u00fcr Blaser Gewehre f\u00fcr das W\u00e4rmezielfernrohr HIK-Micro Thunder.<br \/>\nVon Contessa Mounts patentiertes Schnellspannsystem, das die R\u00fcckkehr zum Nullpunkt zwischen zwei Ausl\u00f6sungen garantiert<\/p>\n","protected":false},"featured_media":5772,"template":"","meta":[],"product_brand":[],"product_cat":[248,472,479,489],"product_tag":[],"class_list":{"0":"post-5307","1":"product","2":"type-product","3":"status-publish","4":"has-post-thumbnail","6":"product_cat-zielfernrohr-montagen","7":"product_cat-complete-mounts-de","8":"product_cat-for-blaser-rifles-de","9":"product_cat-schnellverschluss-fuer-nachtsicht-und-waermebildgeraete-blaser","11":"first","12":"onbackorder","13":"shipping-taxable","14":"purchasable","15":"product-type-simple"},"_links":{"self":[{"href":"https:\/\/bullet24.pro\/de\/wp-json\/wp\/v2\/product\/5307","targetHints":{"allow":["GET"]}}],"collection":[{"href":"https:\/\/bullet24.pro\/de\/wp-json\/wp\/v2\/product"}],"about":[{"href":"https:\/\/bullet24.pro\/de\/wp-json\/wp\/v2\/types\/product"}],"wp:featuredmedia":[{"embeddable":true,"href":"https:\/\/bullet24.pro\/de\/wp-json\/wp\/v2\/media\/5772"}],"wp:attachment":[{"href":"https:\/\/bullet24.pro\/de\/wp-json\/wp\/v2\/media?parent=5307"}],"wp:term":[{"taxonomy":"product_brand","embeddable":true,"href":"https:\/\/bullet24.pro\/de\/wp-json\/wp\/v2\/product_brand?post=5307"},{"taxonomy":"product_cat","embeddable":true,"href":"https:\/\/bullet24.pro\/de\/wp-json\/wp\/v2\/product_cat?post=5307"},{"taxonomy":"product_tag","embeddable":true,"href":"https:\/\/bullet24.pro\/de\/wp-json\/wp\/v2\/product_tag?post=5307"}],"curies":[{"name":"wp","href":"https:\/\/api.w.org\/{rel}","templated":true}]}}