{"id":5322,"date":"2023-02-01T17:42:02","date_gmt":"2023-02-01T17:42:02","guid":{"rendered":"https:\/\/bullet24.pro\/?post_type=product&#038;p=5322"},"modified":"2024-10-06T19:59:22","modified_gmt":"2024-10-06T19:59:22","slug":"ulb03-ultra-low-bls-h1-t1-h2-t2","status":"publish","type":"product","link":"https:\/\/bullet24.pro\/de\/product\/ulb03-ultra-low-bls-h1-t1-h2-t2\/","title":{"rendered":"Contessa Mounts ULB03 \u2013 ULTRA LOW BLS H1 T1 \u2013 H2 T2"},"content":{"rendered":"","protected":false},"excerpt":{"rendered":"<p>Contessa Mounts Ultraflache QD-Montage f\u00fcr Blaser Gewehre. Von Contessa Mounts patentiertes Schnellspannsystem, das die R\u00fcckkehr zum Nullpunkt zwischen zwei Ausl\u00f6sungen garantiert. Kompatibel mit: AIMPOINT mod. H1 T1- H2 T2, HOLOSUN.<\/p>\n","protected":false},"featured_media":5763,"template":"","meta":[],"product_brand":[],"product_cat":[248,472,479,488],"product_tag":[],"class_list":{"0":"post-5322","1":"product","2":"type-product","3":"status-publish","4":"has-post-thumbnail","6":"product_cat-zielfernrohr-montagen","7":"product_cat-complete-mounts-de","8":"product_cat-for-blaser-rifles-de","9":"product_cat-schnellverschluss-fuer-rotpunkt-blaser","11":"first","12":"instock","13":"shipping-taxable","14":"purchasable","15":"product-type-simple"},"_links":{"self":[{"href":"https:\/\/bullet24.pro\/de\/wp-json\/wp\/v2\/product\/5322","targetHints":{"allow":["GET"]}}],"collection":[{"href":"https:\/\/bullet24.pro\/de\/wp-json\/wp\/v2\/product"}],"about":[{"href":"https:\/\/bullet24.pro\/de\/wp-json\/wp\/v2\/types\/product"}],"wp:featuredmedia":[{"embeddable":true,"href":"https:\/\/bullet24.pro\/de\/wp-json\/wp\/v2\/media\/5763"}],"wp:attachment":[{"href":"https:\/\/bullet24.pro\/de\/wp-json\/wp\/v2\/media?parent=5322"}],"wp:term":[{"taxonomy":"product_brand","embeddable":true,"href":"https:\/\/bullet24.pro\/de\/wp-json\/wp\/v2\/product_brand?post=5322"},{"taxonomy":"product_cat","embeddable":true,"href":"https:\/\/bullet24.pro\/de\/wp-json\/wp\/v2\/product_cat?post=5322"},{"taxonomy":"product_tag","embeddable":true,"href":"https:\/\/bullet24.pro\/de\/wp-json\/wp\/v2\/product_tag?post=5322"}],"curies":[{"name":"wp","href":"https:\/\/api.w.org\/{rel}","templated":true}]}}