{"id":5349,"date":"2023-02-01T18:14:04","date_gmt":"2023-02-01T18:14:04","guid":{"rendered":"https:\/\/bullet24.pro\/?post_type=product&#038;p=5349"},"modified":"2025-11-14T08:26:51","modified_gmt":"2025-11-14T08:26:51","slug":"sbp04-simple-black-picatinny-swr","status":"publish","type":"product","link":"https:\/\/bullet24.pro\/de\/product\/sbp04-simple-black-picatinny-swr\/","title":{"rendered":"Contessa Mounts SBP04 \u2013 SIMPLE BLACK PICATINNY SWR"},"content":{"rendered":"","protected":false},"excerpt":{"rendered":"<p>Contessa Mounts QD-Montage mit Hebel auf der linken Seite f\u00fcr Picatinny-Schienen. Auf Anfrage auch f\u00fcr WEAVER-Schienen. Von Contessa Mounts patentiertes Schnellverschlusssystem, das die R\u00fcckkehr zum Nullpunkt zwischen einer Ausl\u00f6sung und einer anderen garantiert.f\u00fcr SWAROVSKI SR.<\/p>\n","protected":false},"featured_media":5730,"template":"","meta":[],"product_brand":[],"product_cat":[248,472,480,494],"product_tag":[],"class_list":{"0":"post-5349","1":"product","2":"type-product","3":"status-publish","4":"has-post-thumbnail","6":"product_cat-zielfernrohr-montagen","7":"product_cat-complete-mounts-de","8":"product_cat-picatinny-de","9":"product_cat-quick-release-for-optics-de-2","11":"first","12":"instock","13":"shipping-taxable","14":"purchasable","15":"product-type-simple"},"_links":{"self":[{"href":"https:\/\/bullet24.pro\/de\/wp-json\/wp\/v2\/product\/5349","targetHints":{"allow":["GET"]}}],"collection":[{"href":"https:\/\/bullet24.pro\/de\/wp-json\/wp\/v2\/product"}],"about":[{"href":"https:\/\/bullet24.pro\/de\/wp-json\/wp\/v2\/types\/product"}],"wp:featuredmedia":[{"embeddable":true,"href":"https:\/\/bullet24.pro\/de\/wp-json\/wp\/v2\/media\/5730"}],"wp:attachment":[{"href":"https:\/\/bullet24.pro\/de\/wp-json\/wp\/v2\/media?parent=5349"}],"wp:term":[{"taxonomy":"product_brand","embeddable":true,"href":"https:\/\/bullet24.pro\/de\/wp-json\/wp\/v2\/product_brand?post=5349"},{"taxonomy":"product_cat","embeddable":true,"href":"https:\/\/bullet24.pro\/de\/wp-json\/wp\/v2\/product_cat?post=5349"},{"taxonomy":"product_tag","embeddable":true,"href":"https:\/\/bullet24.pro\/de\/wp-json\/wp\/v2\/product_tag?post=5349"}],"curies":[{"name":"wp","href":"https:\/\/api.w.org\/{rel}","templated":true}]}}