{"id":5352,"date":"2023-02-01T18:17:13","date_gmt":"2023-02-01T18:17:13","guid":{"rendered":"https:\/\/bullet24.pro\/?post_type=product&#038;p=5352"},"modified":"2025-11-14T08:28:06","modified_gmt":"2025-11-14T08:28:06","slug":"sbp05-simple-black-picatinny-lds","status":"publish","type":"product","link":"https:\/\/bullet24.pro\/de\/product\/sbp05-simple-black-picatinny-lds\/","title":{"rendered":"Contessa Mounts SBP05 \u2013 SIMPLE BLACK PICATINNY LDS"},"content":{"rendered":"","protected":false},"excerpt":{"rendered":"<p>Contessa Mounts QD-Montage mit Hebel auf der linken Seite f\u00fcr Picatinny-Schienen. Auf Anfrage auch f\u00fcr WEAVER-Schienen. Von Contessa Mounts patentiertes Schnellspannsystem, das die R\u00fcckkehr zum Nullpunkt zwischen zwei Ausl\u00f6sungen garantiert. Montage f\u00fcr Zielfernrohre mit Schiene: Zeiss, Leica, Docter, Schmidt &amp; Bender.<\/p>\n","protected":false},"featured_media":5727,"template":"","meta":[],"product_brand":[],"product_cat":[248,472,480,494],"product_tag":[],"class_list":{"0":"post-5352","1":"product","2":"type-product","3":"status-publish","4":"has-post-thumbnail","6":"product_cat-zielfernrohr-montagen","7":"product_cat-complete-mounts-de","8":"product_cat-picatinny-de","9":"product_cat-quick-release-for-optics-de-2","11":"first","12":"instock","13":"shipping-taxable","14":"purchasable","15":"product-type-simple"},"_links":{"self":[{"href":"https:\/\/bullet24.pro\/de\/wp-json\/wp\/v2\/product\/5352","targetHints":{"allow":["GET"]}}],"collection":[{"href":"https:\/\/bullet24.pro\/de\/wp-json\/wp\/v2\/product"}],"about":[{"href":"https:\/\/bullet24.pro\/de\/wp-json\/wp\/v2\/types\/product"}],"wp:featuredmedia":[{"embeddable":true,"href":"https:\/\/bullet24.pro\/de\/wp-json\/wp\/v2\/media\/5727"}],"wp:attachment":[{"href":"https:\/\/bullet24.pro\/de\/wp-json\/wp\/v2\/media?parent=5352"}],"wp:term":[{"taxonomy":"product_brand","embeddable":true,"href":"https:\/\/bullet24.pro\/de\/wp-json\/wp\/v2\/product_brand?post=5352"},{"taxonomy":"product_cat","embeddable":true,"href":"https:\/\/bullet24.pro\/de\/wp-json\/wp\/v2\/product_cat?post=5352"},{"taxonomy":"product_tag","embeddable":true,"href":"https:\/\/bullet24.pro\/de\/wp-json\/wp\/v2\/product_tag?post=5352"}],"curies":[{"name":"wp","href":"https:\/\/api.w.org\/{rel}","templated":true}]}}