{"id":5398,"date":"2023-02-02T07:30:35","date_gmt":"2023-02-02T07:30:35","guid":{"rendered":"https:\/\/bullet24.pro\/?post_type=product&#038;p=5398"},"modified":"2025-01-16T16:05:59","modified_gmt":"2025-01-16T16:05:59","slug":"ltfx-fx-picatinny-weaver-rd-mount","status":"publish","type":"product","link":"https:\/\/bullet24.pro\/de\/product\/ltfx-fx-picatinny-weaver-rd-mount\/","title":{"rendered":"Contessa Mounts LTFX \u2013 FIXED PICATINNY\/WEAVER RD MOUNT"},"content":{"rendered":"","protected":false},"excerpt":{"rendered":"<p>Contessa Mounts Feste Montage f\u00fcr Rotpunktger\u00e4te f\u00fcr Picatinny- und Weaver-Schienen.<br \/>\nF\u00fcr: LEICA TEMPUS, DOCTER SIGHT II\/III, BURRIS FASTFIRE II\/III, KONUS, GECO, SIGHTMARK MINI SHOT M<\/p>\n","protected":false},"featured_media":5937,"template":"","meta":[],"product_brand":[],"product_cat":[248,472,480,491],"product_tag":[],"class_list":{"0":"post-5398","1":"product","2":"type-product","3":"status-publish","4":"has-post-thumbnail","6":"product_cat-zielfernrohr-montagen","7":"product_cat-complete-mounts-de","8":"product_cat-picatinny-de","9":"product_cat-fixed-mounts-de-2","11":"first","12":"instock","13":"shipping-taxable","14":"purchasable","15":"product-type-simple"},"_links":{"self":[{"href":"https:\/\/bullet24.pro\/de\/wp-json\/wp\/v2\/product\/5398","targetHints":{"allow":["GET"]}}],"collection":[{"href":"https:\/\/bullet24.pro\/de\/wp-json\/wp\/v2\/product"}],"about":[{"href":"https:\/\/bullet24.pro\/de\/wp-json\/wp\/v2\/types\/product"}],"wp:featuredmedia":[{"embeddable":true,"href":"https:\/\/bullet24.pro\/de\/wp-json\/wp\/v2\/media\/5937"}],"wp:attachment":[{"href":"https:\/\/bullet24.pro\/de\/wp-json\/wp\/v2\/media?parent=5398"}],"wp:term":[{"taxonomy":"product_brand","embeddable":true,"href":"https:\/\/bullet24.pro\/de\/wp-json\/wp\/v2\/product_brand?post=5398"},{"taxonomy":"product_cat","embeddable":true,"href":"https:\/\/bullet24.pro\/de\/wp-json\/wp\/v2\/product_cat?post=5398"},{"taxonomy":"product_tag","embeddable":true,"href":"https:\/\/bullet24.pro\/de\/wp-json\/wp\/v2\/product_tag?post=5398"}],"curies":[{"name":"wp","href":"https:\/\/api.w.org\/{rel}","templated":true}]}}