{"id":5401,"date":"2023-02-02T08:09:09","date_gmt":"2023-02-02T08:09:09","guid":{"rendered":"https:\/\/bullet24.pro\/?post_type=product&#038;p=5401"},"modified":"2025-11-15T09:08:33","modified_gmt":"2025-11-15T09:08:33","slug":"amfx-fx-picatinny-weaver-rd-mount","status":"publish","type":"product","link":"https:\/\/bullet24.pro\/de\/product\/amfx-fx-picatinny-weaver-rd-mount\/","title":{"rendered":"Contessa Mounts AMFX \u2013 FIXED PICATINNY\/WEAVER RD MOUNT"},"content":{"rendered":"","protected":false},"excerpt":{"rendered":"<p>Feste Montage f\u00fcr Rotpunktger\u00e4te f\u00fcr Picatinny- und Weaver-Schienen.<br \/>\nF\u00fcr: AIMPOINT H1-H2 \/ T1-T2, HOLOSUN<\/p>\n","protected":false},"featured_media":5907,"template":"","meta":[],"product_brand":[],"product_cat":[248,471,477],"product_tag":[],"class_list":{"0":"post-5401","1":"product","2":"type-product","3":"status-publish","4":"has-post-thumbnail","6":"product_cat-zielfernrohr-montagen","7":"product_cat-zubehoer-sm","8":"product_cat-adapter","10":"first","11":"instock","12":"shipping-taxable","13":"purchasable","14":"product-type-simple"},"_links":{"self":[{"href":"https:\/\/bullet24.pro\/de\/wp-json\/wp\/v2\/product\/5401","targetHints":{"allow":["GET"]}}],"collection":[{"href":"https:\/\/bullet24.pro\/de\/wp-json\/wp\/v2\/product"}],"about":[{"href":"https:\/\/bullet24.pro\/de\/wp-json\/wp\/v2\/types\/product"}],"wp:featuredmedia":[{"embeddable":true,"href":"https:\/\/bullet24.pro\/de\/wp-json\/wp\/v2\/media\/5907"}],"wp:attachment":[{"href":"https:\/\/bullet24.pro\/de\/wp-json\/wp\/v2\/media?parent=5401"}],"wp:term":[{"taxonomy":"product_brand","embeddable":true,"href":"https:\/\/bullet24.pro\/de\/wp-json\/wp\/v2\/product_brand?post=5401"},{"taxonomy":"product_cat","embeddable":true,"href":"https:\/\/bullet24.pro\/de\/wp-json\/wp\/v2\/product_cat?post=5401"},{"taxonomy":"product_tag","embeddable":true,"href":"https:\/\/bullet24.pro\/de\/wp-json\/wp\/v2\/product_tag?post=5401"}],"curies":[{"name":"wp","href":"https:\/\/api.w.org\/{rel}","templated":true}]}}